
{"id":8362,"date":"2023-05-09T16:15:13","date_gmt":"2023-05-09T14:15:13","guid":{"rendered":"https:\/\/pdr-team.ch\/mentions-legales\/"},"modified":"2026-04-17T14:48:00","modified_gmt":"2026-04-17T12:48:00","slug":"mentions-legales","status":"publish","type":"page","link":"https:\/\/www.pdr-team.ch\/fr\/mentions-legales\/","title":{"rendered":"Mentions l\u00e9gales"},"content":{"rendered":"<p>[et_pb_section fb_built=\u00a0\u00bb1&Prime; admin_label=\u00a0\u00bbIntro\u00a0\u00bb _builder_version=\u00a0\u00bb4.17.3&Prime; _module_preset=\u00a0\u00bbdefault\u00a0\u00bb background_image=\u00a0\u00bbhttps:\/\/www.pdr-team.de\/wp-content\/uploads\/2023\/05\/kontakt-intro.webp\u00a0\u00bb width=\u00a0\u00bb100%\u00a0\u00bb min_height=\u00a0\u00bb650px\u00a0\u00bb min_height_tablet=\u00a0\u00bb650px\u00a0\u00bb min_height_phone=\u00a0\u00bb250px\u00a0\u00bb min_height_last_edited=\u00a0\u00bbon|phone\u00a0\u00bb da_disable_devices=\u00a0\u00bboff|off|off\u00a0\u00bb locked=\u00a0\u00bboff\u00a0\u00bb collapsed=\u00a0\u00bboff\u00a0\u00bb global_colors_info=\u00a0\u00bb{}\u00a0\u00bb da_is_popup=\u00a0\u00bboff\u00a0\u00bb da_exit_intent=\u00a0\u00bboff\u00a0\u00bb da_has_close=\u00a0\u00bbon\u00a0\u00bb da_alt_close=\u00a0\u00bboff\u00a0\u00bb da_dark_close=\u00a0\u00bboff\u00a0\u00bb da_not_modal=\u00a0\u00bbon\u00a0\u00bb da_is_singular=\u00a0\u00bboff\u00a0\u00bb da_with_loader=\u00a0\u00bboff\u00a0\u00bb da_has_shadow=\u00a0\u00bbon\u00a0\u00bb][\/et_pb_section][et_pb_section fb_built=\u00a0\u00bb1&Prime; admin_label=\u00a0\u00bbImpressum\u00a0\u00bb module_id=\u00a0\u00bbsection_formulaire de contact\u00a0\u00bb _builder_version=\u00a0\u00bb4.17.3&Prime; _module_preset=\u00a0\u00bbdefault\u00a0\u00bb custom_padding=\u00a0\u00bb||70px||false|false\u00a0\u00bb da_disable_devices=\u00a0\u00bboff|off|off\u00a0\u00bb locked=\u00a0\u00bboff\u00a0\u00bb global_colors_info=\u00a0\u00bb{}\u00a0\u00bb da_is_popup=\u00a0\u00bboff\u00a0\u00bb da_exit_intent=\u00a0\u00bboff\u00a0\u00bb da_has_close=\u00a0\u00bbon\u00a0\u00bb da_alt_close=\u00a0\u00bboff\u00a0\u00bb da_dark_close=\u00a0\u00bboff\u00a0\u00bb da_not_modal=\u00a0\u00bbon\u00a0\u00bb da_is_singular=\u00a0\u00bboff\u00a0\u00bb da_with_loader=\u00a0\u00bboff\u00a0\u00bb da_has_shadow=\u00a0\u00bbon\u00a0\u00bb][et_pb_row _builder_version=\u00a0\u00bb4.17.3&Prime; _module_preset=\u00a0\u00bbdefault\u00a0\u00bb custom_margin=\u00a0\u00bb||30px||false|false\u00a0\u00bb global_colors_info=\u00a0\u00bb{}\u00a0\u00bb][et_pb_column type=\u00a0\u00bb4_4&Prime; _builder_version=\u00a0\u00bb4.17.3&Prime; _module_preset=\u00a0\u00bbdefault\u00a0\u00bb global_colors_info=\u00a0\u00bb{}\u00a0\u00bb][et_pb_text admin_label=\u00a0\u00bbHeadlines\u00a0\u00bb _builder_version=\u00a0\u00bb4.27.4&Prime; _module_preset=\u00a0\u00bbdefault\u00a0\u00bb header_font=\u00a0\u00bb|700||on|||||\u00a0\u00bb header_text_color=\u00a0\u00bb#19559F\u00a0\u00bb header_font_size=\u00a0\u00bb44px\u00a0\u00bb header_line_height=\u00a0\u00bb44px\u00a0\u00bb header_2_text_color=\u00a0\u00bb#131313&Prime; header_2_font_size=\u00a0\u00bb34px\u00a0\u00bb header_2_line_height=\u00a0\u00bb40px\u00a0\u00bb header_3_text_color=\u00a0\u00bb#131313&Prime; custom_margin=\u00a0\u00bb||50px||false|false\u00a0\u00bb custom_padding=\u00a0\u00bb||0px||false|false\u00a0\u00bb hover_enabled=\u00a0\u00bb0&Prime; locked=\u00a0\u00bboff\u00a0\u00bb global_colors_info=\u00a0\u00bb{}\u00a0\u00bb sticky_enabled=\u00a0\u00bb0&Prime;]<\/p>\n<h1>Mentions l\u00e9gales<\/h1>\n<h2>Informations \u00e0 fournir conform\u00e9ment \u00e0 la l\u00e9gislation<\/h2>\n<p>[\/et_pb_text][et_pb_text _builder_version=\u00a0\u00bb4.27.4&Prime; _module_preset=\u00a0\u00bbdefault\u00a0\u00bb text_text_color=\u00a0\u00bb#131313&Prime; text_font_size=\u00a0\u00bb18px\u00a0\u00bb text_line_height=\u00a0\u00bb30px\u00a0\u00bb link_text_color=\u00a0\u00bb#19559F\u00a0\u00bb header_font=\u00a0\u00bb|700||on|||||\u00a0\u00bb header_text_color=\u00a0\u00bb#131313&Prime; header_font_size=\u00a0\u00bb44px\u00a0\u00bb header_2_text_color=\u00a0\u00bb#131313&Prime; header_2_font_size=\u00a0\u00bb34px\u00a0\u00bb header_2_line_height=\u00a0\u00bb40px\u00a0\u00bb header_3_font=\u00a0\u00bb|600|||||||\u00a0\u00bb header_3_text_color=\u00a0\u00bb#131313&Prime; header_3_font_size=\u00a0\u00bb25px\u00a0\u00bb max_width=\u00a0\u00bb80%\u00a0\u00bb hover_enabled=\u00a0\u00bb0&Prime; global_colors_info=\u00a0\u00bb{}\u00a0\u00bb sticky_enabled=\u00a0\u00bb0&Prime;]<\/p>\n<h3>PDR-Team GmbH<\/h3>\n<p class=\"bodytext\">Linthstr. 53<br \/>CH-8856 Tuggen SZ<\/p>\n<p class=\"bodytext\">T\u00e9l: <a href=\"tel:0041552832252\">+41 (0)55 283 22 52<\/a><\/p>\n<p>Email: info(at)pdr-team.ch<\/p>\n<p>&nbsp;<\/p>\n<h3>Si\u00e8ge de la soci\u00e9t\u00e9<\/h3>\n<p>Tuggen<\/p>\n<p>&nbsp;<\/p>\n<h3>Num\u00e9ro de TVA intracommunautaire.<\/h3>\n<p>CHE-237.306.316 TVA<\/p>\n<p>&nbsp;<\/p>\n<h3>Directeur g\u00e9n\u00e9ral<\/h3>\n<p>Nathanael Kalisky<\/p>\n<p>&nbsp;<\/p>\n<h3>ARB<br \/><em><span class=\"small\">(Conditions g\u00e9n\u00e9rales de r\u00e9paration)<\/span><\/em><\/h3>\n<p><a href=\"https:\/\/www.pdr-team.de\/wp-content\/uploads\/2023\/06\/AGB-PDR-Team.pdf\" target=\"_blank\" rel=\"noopener\">T\u00e9l\u00e9chargement<\/a><\/p>\n<p>&nbsp;<\/p>\n<h3>Conception et r\u00e9alisation<\/h3>\n<p class=\"mb-0\">kr\u00e4hativ design GmbH, <a href=\"https:\/\/www.kraehativ.de\/agentur\/\" target=\"_blank\" rel=\"noopener\">agence de publicit\u00e9 Heidenheim<\/a><br \/><a href=\"https:\/\/www.kraehativ.de\/\" target=\"_blank\" rel=\"noopener\">www.kraehativ.de<\/a><\/p>\n<p>&nbsp;<\/p>\n<h3>Sources des images<\/h3>\n<p>shutterstock.com : 697338499<br \/><a href=\"https:\/\/unsplash.com\/\" target=\"_blank\" rel=\"noopener\">Unsplash Inc.<\/a><br \/><a href=\"https:\/\/www.pdr-team.de\">PDR-Team GmbH<\/a><\/p>\n<p>&nbsp;<\/p>\n<h2>Clause de non-responsabilit\u00e9<\/h2>\n<h3>Responsabilit\u00e9 du contenu<\/h3>\n<p>Le contenu de nos pages a \u00e9t\u00e9 r\u00e9dig\u00e9 avec le plus grand soin. Nous ne pouvons toutefois pas garantir l&rsquo;exactitude, l&rsquo;exhaustivit\u00e9 et l&rsquo;actualit\u00e9 des contenus. En tant que prestataire de services, nous sommes responsables de nos propres contenus sur ces pages, conform\u00e9ment aux dispositions l\u00e9gales.  <\/p>\n<h3>Responsabilit\u00e9 des liens<\/h3>\n<p>Notre offre contient des liens vers des sites web externes de tiers. Nous n&rsquo;avons aucune influence sur leur contenu. Le fournisseur ou l&rsquo;exploitant de ces sites est toujours responsable de leur contenu.  <\/p>\n<h3>Droit d&rsquo;auteur<\/h3>\n<p>Les contenus et \u0153uvres cr\u00e9\u00e9s par les exploitants de ces pages sont soumis au droit d&rsquo;auteur en vigueur. Toute reproduction ou utilisation est interdite sans l&rsquo;autorisation expresse de l&rsquo;auteur concern\u00e9. <\/p>\n<p>[\/et_pb_text][\/et_pb_column][\/et_pb_row][\/et_pb_section]<\/p>\n","protected":false},"excerpt":{"rendered":"<p>Mentions l\u00e9gales Informations \u00e0 fournir conform\u00e9ment \u00e0 la l\u00e9gislationPDR-Team GmbH Linthstr. 53CH-8856 Tuggen SZ T\u00e9l: +41 (0)55 283 22 52 Email: info(at)pdr-team.ch &nbsp; Si\u00e8ge de la soci\u00e9t\u00e9 Tuggen &nbsp; Num\u00e9ro de TVA intracommunautaire. CHE-237.306.316 TVA &nbsp; Directeur g\u00e9n\u00e9ral Nathanael Kalisky &nbsp; ARB(Conditions g\u00e9n\u00e9rales de r\u00e9paration) T\u00e9l\u00e9chargement &nbsp; Conception et r\u00e9alisation kr\u00e4hativ design GmbH, agence de [&hellip;]<\/p>\n","protected":false},"author":2,"featured_media":0,"parent":0,"menu_order":0,"comment_status":"closed","ping_status":"closed","template":"","meta":{"_acf_changed":false,"_et_pb_use_builder":"on","_et_pb_old_content":"","_et_gb_content_width":"","footnotes":""},"class_list":["post-8362","page","type-page","status-publish","hentry"],"acf":[],"yoast_head":"<!-- This site is optimized with the Yoast SEO plugin v27.5 - https:\/\/yoast.com\/product\/yoast-seo-wordpress\/ -->\n<title>Mentions l\u00e9gales - PDR-Team Schweiz<\/title>\n<meta name=\"description\" content=\"Hier finden Sie alle Informationen zum Impressum der PDR-Team GmbH, dem Profi im Bereich Hagelschadenreparatur.\" \/>\n<meta name=\"robots\" content=\"index, follow, max-snippet:-1, max-image-preview:large, max-video-preview:-1\" \/>\n<link rel=\"canonical\" href=\"https:\/\/www.pdr-team.ch\/fr\/mentions-legales\/\" \/>\n<meta property=\"og:locale\" content=\"fr_FR\" \/>\n<meta property=\"og:type\" content=\"article\" \/>\n<meta property=\"og:title\" content=\"Mentions l\u00e9gales - PDR-Team Schweiz\" \/>\n<meta property=\"og:description\" content=\"Hier finden Sie alle Informationen zum Impressum der PDR-Team GmbH, dem Profi im Bereich Hagelschadenreparatur.\" \/>\n<meta property=\"og:site_name\" content=\"PDR-Team Schweiz\" \/>\n<meta property=\"article:publisher\" content=\"https:\/\/www.facebook.com\/PDRTeamGmbH\/\" \/>\n<meta property=\"article:modified_time\" content=\"2026-04-17T12:48:00+00:00\" \/>\n<meta property=\"og:image\" content=\"https:\/\/www.pdr-team.ch\/wp-content\/uploads\/2023\/05\/webdesign-pdr-team.webp\" \/>\n\t<meta property=\"og:image:width\" content=\"1200\" \/>\n\t<meta property=\"og:image:height\" content=\"675\" \/>\n\t<meta property=\"og:image:type\" content=\"image\/webp\" \/>\n<meta name=\"twitter:card\" content=\"summary_large_image\" \/>\n<meta name=\"twitter:label1\" content=\"Dur\u00e9e de lecture estim\u00e9e\" \/>\n\t<meta name=\"twitter:data1\" content=\"3 minutes\" \/>\n<script type=\"application\/ld+json\" class=\"yoast-schema-graph\">{\"@context\":\"https:\\\/\\\/schema.org\",\"@graph\":[{\"@type\":\"WebPage\",\"@id\":\"https:\\\/\\\/www.pdr-team.ch\\\/fr\\\/mentions-legales\\\/\",\"url\":\"https:\\\/\\\/www.pdr-team.ch\\\/fr\\\/mentions-legales\\\/\",\"name\":\"Mentions l\u00e9gales - PDR-Team Schweiz\",\"isPartOf\":{\"@id\":\"https:\\\/\\\/pdr-team.ch\\\/#website\"},\"datePublished\":\"2023-05-09T14:15:13+00:00\",\"dateModified\":\"2026-04-17T12:48:00+00:00\",\"description\":\"Hier finden Sie alle Informationen zum Impressum der PDR-Team GmbH, dem Profi im Bereich Hagelschadenreparatur.\",\"breadcrumb\":{\"@id\":\"https:\\\/\\\/www.pdr-team.ch\\\/fr\\\/mentions-legales\\\/#breadcrumb\"},\"inLanguage\":\"fr-FR\",\"potentialAction\":[{\"@type\":\"ReadAction\",\"target\":[\"https:\\\/\\\/www.pdr-team.ch\\\/fr\\\/mentions-legales\\\/\"]}]},{\"@type\":\"BreadcrumbList\",\"@id\":\"https:\\\/\\\/www.pdr-team.ch\\\/fr\\\/mentions-legales\\\/#breadcrumb\",\"itemListElement\":[{\"@type\":\"ListItem\",\"position\":1,\"name\":\"Startseite\",\"item\":\"https:\\\/\\\/www.pdr-team.ch\\\/fr\\\/\"},{\"@type\":\"ListItem\",\"position\":2,\"name\":\"Mentions l\u00e9gales\"}]},{\"@type\":\"WebSite\",\"@id\":\"https:\\\/\\\/pdr-team.ch\\\/#website\",\"url\":\"https:\\\/\\\/pdr-team.ch\\\/\",\"name\":\"PDR-Team GmbH\",\"description\":\"\",\"publisher\":{\"@id\":\"https:\\\/\\\/pdr-team.ch\\\/#organization\"},\"alternateName\":\"Hagelschadenservice\",\"potentialAction\":[{\"@type\":\"SearchAction\",\"target\":{\"@type\":\"EntryPoint\",\"urlTemplate\":\"https:\\\/\\\/pdr-team.ch\\\/?s={search_term_string}\"},\"query-input\":{\"@type\":\"PropertyValueSpecification\",\"valueRequired\":true,\"valueName\":\"search_term_string\"}}],\"inLanguage\":\"fr-FR\"},{\"@type\":\"Organization\",\"@id\":\"https:\\\/\\\/pdr-team.ch\\\/#organization\",\"name\":\"PDR-Team GmbH\",\"alternateName\":\"PDR-Team GmbH, Tuggen\",\"url\":\"https:\\\/\\\/pdr-team.ch\\\/\",\"logo\":{\"@type\":\"ImageObject\",\"inLanguage\":\"fr-FR\",\"@id\":\"https:\\\/\\\/pdr-team.ch\\\/#\\\/schema\\\/logo\\\/image\\\/\",\"url\":\"https:\\\/\\\/pdr-team.ch\\\/wp-content\\\/uploads\\\/2023\\\/04\\\/PDRTeamLogoSmall.png\",\"contentUrl\":\"https:\\\/\\\/pdr-team.ch\\\/wp-content\\\/uploads\\\/2023\\\/04\\\/PDRTeamLogoSmall.png\",\"width\":311,\"height\":86,\"caption\":\"PDR-Team GmbH\"},\"image\":{\"@id\":\"https:\\\/\\\/pdr-team.ch\\\/#\\\/schema\\\/logo\\\/image\\\/\"},\"sameAs\":[\"https:\\\/\\\/www.facebook.com\\\/PDRTeamGmbH\\\/\",\"https:\\\/\\\/www.instagram.com\\\/pdr_team_de\\\/\"]}]}<\/script>\n<!-- \/ Yoast SEO plugin. -->","yoast_head_json":{"title":"Mentions l\u00e9gales - PDR-Team Schweiz","description":"Hier finden Sie alle Informationen zum Impressum der PDR-Team GmbH, dem Profi im Bereich Hagelschadenreparatur.","robots":{"index":"index","follow":"follow","max-snippet":"max-snippet:-1","max-image-preview":"max-image-preview:large","max-video-preview":"max-video-preview:-1"},"canonical":"https:\/\/www.pdr-team.ch\/fr\/mentions-legales\/","og_locale":"fr_FR","og_type":"article","og_title":"Mentions l\u00e9gales - PDR-Team Schweiz","og_description":"Hier finden Sie alle Informationen zum Impressum der PDR-Team GmbH, dem Profi im Bereich Hagelschadenreparatur.","og_site_name":"PDR-Team Schweiz","article_publisher":"https:\/\/www.facebook.com\/PDRTeamGmbH\/","article_modified_time":"2026-04-17T12:48:00+00:00","og_image":[{"width":1200,"height":675,"url":"https:\/\/www.pdr-team.ch\/wp-content\/uploads\/2023\/05\/webdesign-pdr-team.webp","type":"image\/webp"}],"twitter_card":"summary_large_image","twitter_misc":{"Dur\u00e9e de lecture estim\u00e9e":"3 minutes"},"schema":{"@context":"https:\/\/schema.org","@graph":[{"@type":"WebPage","@id":"https:\/\/www.pdr-team.ch\/fr\/mentions-legales\/","url":"https:\/\/www.pdr-team.ch\/fr\/mentions-legales\/","name":"Mentions l\u00e9gales - PDR-Team Schweiz","isPartOf":{"@id":"https:\/\/pdr-team.ch\/#website"},"datePublished":"2023-05-09T14:15:13+00:00","dateModified":"2026-04-17T12:48:00+00:00","description":"Hier finden Sie alle Informationen zum Impressum der PDR-Team GmbH, dem Profi im Bereich Hagelschadenreparatur.","breadcrumb":{"@id":"https:\/\/www.pdr-team.ch\/fr\/mentions-legales\/#breadcrumb"},"inLanguage":"fr-FR","potentialAction":[{"@type":"ReadAction","target":["https:\/\/www.pdr-team.ch\/fr\/mentions-legales\/"]}]},{"@type":"BreadcrumbList","@id":"https:\/\/www.pdr-team.ch\/fr\/mentions-legales\/#breadcrumb","itemListElement":[{"@type":"ListItem","position":1,"name":"Startseite","item":"https:\/\/www.pdr-team.ch\/fr\/"},{"@type":"ListItem","position":2,"name":"Mentions l\u00e9gales"}]},{"@type":"WebSite","@id":"https:\/\/pdr-team.ch\/#website","url":"https:\/\/pdr-team.ch\/","name":"PDR-Team GmbH","description":"","publisher":{"@id":"https:\/\/pdr-team.ch\/#organization"},"alternateName":"Hagelschadenservice","potentialAction":[{"@type":"SearchAction","target":{"@type":"EntryPoint","urlTemplate":"https:\/\/pdr-team.ch\/?s={search_term_string}"},"query-input":{"@type":"PropertyValueSpecification","valueRequired":true,"valueName":"search_term_string"}}],"inLanguage":"fr-FR"},{"@type":"Organization","@id":"https:\/\/pdr-team.ch\/#organization","name":"PDR-Team GmbH","alternateName":"PDR-Team GmbH, Tuggen","url":"https:\/\/pdr-team.ch\/","logo":{"@type":"ImageObject","inLanguage":"fr-FR","@id":"https:\/\/pdr-team.ch\/#\/schema\/logo\/image\/","url":"https:\/\/pdr-team.ch\/wp-content\/uploads\/2023\/04\/PDRTeamLogoSmall.png","contentUrl":"https:\/\/pdr-team.ch\/wp-content\/uploads\/2023\/04\/PDRTeamLogoSmall.png","width":311,"height":86,"caption":"PDR-Team GmbH"},"image":{"@id":"https:\/\/pdr-team.ch\/#\/schema\/logo\/image\/"},"sameAs":["https:\/\/www.facebook.com\/PDRTeamGmbH\/","https:\/\/www.instagram.com\/pdr_team_de\/"]}]}},"_links":{"self":[{"href":"https:\/\/www.pdr-team.ch\/fr\/wp-json\/wp\/v2\/pages\/8362","targetHints":{"allow":["GET"]}}],"collection":[{"href":"https:\/\/www.pdr-team.ch\/fr\/wp-json\/wp\/v2\/pages"}],"about":[{"href":"https:\/\/www.pdr-team.ch\/fr\/wp-json\/wp\/v2\/types\/page"}],"author":[{"embeddable":true,"href":"https:\/\/www.pdr-team.ch\/fr\/wp-json\/wp\/v2\/users\/2"}],"replies":[{"embeddable":true,"href":"https:\/\/www.pdr-team.ch\/fr\/wp-json\/wp\/v2\/comments?post=8362"}],"version-history":[{"count":0,"href":"https:\/\/www.pdr-team.ch\/fr\/wp-json\/wp\/v2\/pages\/8362\/revisions"}],"wp:attachment":[{"href":"https:\/\/www.pdr-team.ch\/fr\/wp-json\/wp\/v2\/media?parent=8362"}],"curies":[{"name":"wp","href":"https:\/\/api.w.org\/{rel}","templated":true}]}}