
{"id":8356,"date":"2023-04-19T08:23:41","date_gmt":"2023-04-19T06:23:41","guid":{"rendered":"https:\/\/pdr-team.ch\/declaration-de-confidentialite\/"},"modified":"2026-04-17T15:39:45","modified_gmt":"2026-04-17T13:39:45","slug":"declaration-de-confidentialite","status":"publish","type":"page","link":"https:\/\/www.pdr-team.ch\/fr\/declaration-de-confidentialite\/","title":{"rendered":"D\u00c9CLARATION DE CONFIDENTIALIT\u00c9"},"content":{"rendered":"<p>[et_pb_section fb_built=\u00a0\u00bb1&Prime; admin_label=\u00a0\u00bbIntro\u00a0\u00bb _builder_version=\u00a0\u00bb4.17.3&Prime; _module_preset=\u00a0\u00bbdefault\u00a0\u00bb background_image=\u00a0\u00bbhttps:\/\/www.pdr-team.de\/wp-content\/uploads\/2023\/05\/kontakt-intro.webp\u00a0\u00bb width=\u00a0\u00bb100%\u00a0\u00bb min_height=\u00a0\u00bb650px\u00a0\u00bb min_height_tablet=\u00a0\u00bb650px\u00a0\u00bb min_height_phone=\u00a0\u00bb250px\u00a0\u00bb min_height_last_edited=\u00a0\u00bbon|phone\u00a0\u00bb da_disable_devices=\u00a0\u00bboff|off|off\u00a0\u00bb locked=\u00a0\u00bboff\u00a0\u00bb collapsed=\u00a0\u00bboff\u00a0\u00bb global_colors_info=\u00a0\u00bb{}\u00a0\u00bb da_is_popup=\u00a0\u00bboff\u00a0\u00bb da_exit_intent=\u00a0\u00bboff\u00a0\u00bb da_has_close=\u00a0\u00bbon\u00a0\u00bb da_alt_close=\u00a0\u00bboff\u00a0\u00bb da_dark_close=\u00a0\u00bboff\u00a0\u00bb da_not_modal=\u00a0\u00bbon\u00a0\u00bb da_is_singular=\u00a0\u00bboff\u00a0\u00bb da_with_loader=\u00a0\u00bboff\u00a0\u00bb da_has_shadow=\u00a0\u00bbon\u00a0\u00bb][\/et_pb_section][et_pb_section fb_built=\u00a0\u00bb1&Prime; admin_label=\u00a0\u00bbDatenschutz\u00a0\u00bb module_id=\u00a0\u00bbsection_formulaire de contact\u00a0\u00bb _builder_version=\u00a0\u00bb4.17.3&Prime; _module_preset=\u00a0\u00bbdefault\u00a0\u00bb custom_padding=\u00a0\u00bb||70px||false|false\u00a0\u00bb da_disable_devices=\u00a0\u00bboff|off|off\u00a0\u00bb locked=\u00a0\u00bboff\u00a0\u00bb global_colors_info=\u00a0\u00bb{}\u00a0\u00bb da_is_popup=\u00a0\u00bboff\u00a0\u00bb da_exit_intent=\u00a0\u00bboff\u00a0\u00bb da_has_close=\u00a0\u00bbon\u00a0\u00bb da_alt_close=\u00a0\u00bboff\u00a0\u00bb da_dark_close=\u00a0\u00bboff\u00a0\u00bb da_not_modal=\u00a0\u00bbon\u00a0\u00bb da_is_singular=\u00a0\u00bboff\u00a0\u00bb da_with_loader=\u00a0\u00bboff\u00a0\u00bb da_has_shadow=\u00a0\u00bbon\u00a0\u00bb][et_pb_row _builder_version=\u00a0\u00bb4.17.3&Prime; _module_preset=\u00a0\u00bbdefault\u00a0\u00bb custom_margin=\u00a0\u00bb||30px||false|false\u00a0\u00bb global_colors_info=\u00a0\u00bb{}\u00a0\u00bb][et_pb_column type=\u00a0\u00bb4_4&Prime; _builder_version=\u00a0\u00bb4.17.3&Prime; _module_preset=\u00a0\u00bbdefault\u00a0\u00bb global_colors_info=\u00a0\u00bb{}\u00a0\u00bb][et_pb_text admin_label=\u00a0\u00bbHeadlines\u00a0\u00bb _builder_version=\u00a0\u00bb4.17.3&Prime; _module_preset=\u00a0\u00bbdefault\u00a0\u00bb header_font=\u00a0\u00bb|700||on|||||\u00a0\u00bb header_text_color=\u00a0\u00bb#19559F\u00a0\u00bb header_font_size=\u00a0\u00bb44px\u00a0\u00bb header_line_height=\u00a0\u00bb44px\u00a0\u00bb header_2_text_color=\u00a0\u00bb#131313&Prime; header_2_font_size=\u00a0\u00bb34px\u00a0\u00bb header_2_line_height=\u00a0\u00bb40px\u00a0\u00bb header_3_text_color=\u00a0\u00bb#131313&Prime; custom_margin=\u00a0\u00bb||50px||false|false\u00a0\u00bb custom_padding=\u00a0\u00bb||0px||false|false\u00a0\u00bb locked=\u00a0\u00bboff\u00a0\u00bb global_colors_info=\u00a0\u00bb{}\u00a0\u00bb]<\/p>\n<h1>D\u00c9CLARATION DE CONFIDENTIALIT\u00c9<\/h1>\n<p>[\/et_pb_text][et_pb_text _builder_version=\u00a0\u00bb4.27.4&Prime; _module_preset=\u00a0\u00bbdefault\u00a0\u00bb text_text_color=\u00a0\u00bb#131313&Prime; text_font_size=\u00a0\u00bb18px\u00a0\u00bb text_line_height=\u00a0\u00bb30px\u00a0\u00bb link_text_color=\u00a0\u00bb#19559F\u00a0\u00bb header_font=\u00a0\u00bb|700||on|||||\u00a0\u00bb header_text_color=\u00a0\u00bb#131313&Prime; header_font_size=\u00a0\u00bb44px\u00a0\u00bb header_3_font=\u00a0\u00bb|600|||||||\u00a0\u00bb header_3_text_color=\u00a0\u00bb#131313&Prime; header_3_font_size=\u00a0\u00bb25px\u00a0\u00bb max_width=\u00a0\u00bb80%\u00a0\u00bb hover_enabled=\u00a0\u00bb0&Prime; global_colors_info=\u00a0\u00bb{}\u00a0\u00bb sticky_enabled=\u00a0\u00bb0&Prime;]<\/p>\n<h3>1. responsable<\/h3>\n<p>PDR-Team GmbH<br \/>\nLinthstr. 53<br \/>\n8856 Tuggen<br \/>\nSuisse <\/p>\n<h3>2. indications g\u00e9n\u00e9rales<\/h3>\n<p>Nous traitons les donn\u00e9es personnelles de mani\u00e8re confidentielle et conform\u00e9ment au droit suisse applicable en mati\u00e8re de protection des donn\u00e9es et, le cas \u00e9ch\u00e9ant, au r\u00e8glement g\u00e9n\u00e9ral sur la protection des donn\u00e9es (RGPD).<\/p>\n<p>L&rsquo;utilisation de notre site web est en principe possible sans indication de donn\u00e9es personnelles. Si des donn\u00e9es personnelles sont collect\u00e9es, elles le sont sur une base volontaire, pour l&rsquo;ex\u00e9cution d&rsquo;un contrat ou en raison de notre int\u00e9r\u00eat l\u00e9gitime. <\/p>\n<h3>3. h\u00e9bergement<\/h3>\n<p>Ce site est h\u00e9berg\u00e9 sur les serveurs de CTL GmbH, Im Hart 18, 89558 B\u00f6hmenkirch, Allemagne.<\/p>\n<p>Le traitement est effectu\u00e9 dans le but de fournir le site web de mani\u00e8re s\u00fbre et efficace sur la base de l&rsquo;article 6, paragraphe 1, point f) du RGPD.  <\/p>\n<h3>4. collecte de donn\u00e9es sur ce site<\/h3>\n<h6>Fichiers journaux du serveur<\/h6>\n<p>Lorsque vous acc\u00e9dez \u00e0 ce site, des informations techniques sont automatiquement collect\u00e9es, notamment l&rsquo;adresse IP, le type de navigateur, le syst\u00e8me d&rsquo;exploitation, l&rsquo;URL de r\u00e9f\u00e9rence ainsi que la date et l&rsquo;heure d&rsquo;acc\u00e8s. Ces donn\u00e9es servent au fonctionnement technique, \u00e0 la s\u00e9curit\u00e9 du syst\u00e8me et \u00e0 l&rsquo;analyse des erreurs. <\/p>\n<p>La base juridique est l&rsquo;article 6, paragraphe 1, point f) du RGPD.  <\/p>\n<h6>formulaire de contact<\/h6>\n<p>Si vous nous contactez via le formulaire de contact, nous traitons vos donn\u00e9es pour r\u00e9pondre \u00e0 votre demande et pour d&rsquo;\u00e9ventuelles questions de suivi.<\/p>\n<p>Le traitement est effectu\u00e9 sur la base de l&rsquo;article 6, paragraphe 1, point b), du RGPD, si votre demande est li\u00e9e \u00e0 des mesures pr\u00e9contractuelles ou \u00e0 un contrat. Dans tous les autres cas, le traitement est effectu\u00e9 sur la base de l&rsquo;article 6, paragraphe 1, point f) du RGPD.     <\/p>\n<h6>Contact par e-mail<\/h6>\n<p>Si vous nous contactez par e-mail, vos donn\u00e9es seront trait\u00e9es pour traiter votre demande et pour d&rsquo;\u00e9ventuelles questions de suivi.<\/p>\n<p>Le traitement est effectu\u00e9 sur la base de l&rsquo;article 6, paragraphe 1, point b), du RGPD ou de l&rsquo;article 6, paragraphe 1, point f), du RGPD.    <\/p>\n<h6>Ex\u00e9cution du contrat<\/h6>\n<p>Afin d&rsquo;ex\u00e9cuter nos services contractuels, nous traitons des donn\u00e9es \u00e0 caract\u00e8re personnel telles que le nom, l&rsquo;adresse, l&rsquo;adresse \u00e9lectronique, le num\u00e9ro de t\u00e9l\u00e9phone ainsi que des donn\u00e9es relatives \u00e0 la facturation et aux prestations.<\/p>\n<p>La base juridique est l&rsquo;article 6, paragraphe 1, point b) du RGPD.  <\/p>\n<h6>Statut de la r\u00e9paration \/ Portail client<\/h6>\n<p>Si vous utilisez notre portail client, les donn\u00e9es n\u00e9cessaires \u00e0 l&rsquo;acc\u00e8s seront trait\u00e9es. Le traitement est effectu\u00e9 pour fournir la fonction souhait\u00e9e sur la base de l&rsquo;article 6, paragraphe 1, point b) du RGPD ou &#8211; si n\u00e9cessaire &#8211; sur la base de votre consentement conform\u00e9ment \u00e0 l&rsquo;article 6, paragraphe 1, point a) du RGPD.     <\/p>\n<h6>hCaptcha<\/h6>\n<p>Nous utilisons hCaptcha pour prot\u00e9ger nos formulaires contre le spam et l&rsquo;utilisation automatis\u00e9e abusive. Le fournisseur est Intuition Machines, Inc, 2211 Selig Drive, Los Angeles, CA 90026, \u00c9tats-Unis.<\/p>\n<p>L&rsquo;adresse IP, les informations techniques, le comportement d&rsquo;utilisation et les interactions peuvent notamment \u00eatre trait\u00e9s et transmis aux serveurs du fournisseur aux \u00c9tats-Unis. Selon le fournisseur, la s\u00e9curisation du transfert de donn\u00e9es s&rsquo;effectue notamment par le biais de clauses contractuelles standard. <\/p>\n<p>Le traitement est effectu\u00e9 sur la base de l&rsquo;article 6, paragraphe 1, point f), du RGPD et, si un consentement est requis, sur la base de l&rsquo;article 6, paragraphe 1, point a), du RGPD.    <\/p>\n<h3>5. cookies et consentement<\/h3>\n<p>Ce site utilise des cookies. Les cookies techniquement n\u00e9cessaires sont utilis\u00e9s sur la base de l&rsquo;article 6, paragraphe 1, point f) du RGPD, afin de rendre le site Web s\u00fbr et fonctionnel. Dans la mesure o\u00f9 un consentement est requis, l&rsquo;utilisation de cookies se fait sur la base de l&rsquo;article 6, paragraphe 1, point a) du RGPD et de l&rsquo;article 25 de la loi TDDDG.      <\/p>\n<h6>Cookie de Borlab<\/h6>\n<p>Nous utilisons le cookie Borlabs pour g\u00e9rer vos consentements. Le fournisseur est Borlabs GmbH, R\u00fcbenkamp 32, 22305 Hambourg, Allemagne. <\/p>\n<p>L&rsquo;outil enregistre les param\u00e8tres que vous avez choisis localement dans le navigateur. La base juridique est l&rsquo;article 6, paragraphe 1, point f du RGPD.   <\/p>\n<p>[borlabs-cookie type=\u00a0\u00bbbtn-cookie-preference\u00a0\u00bb title=\u00a0\u00bbParam\u00e8tres des cookies\u00a0\u00bb \/]<\/p>\n<p>&nbsp;<\/p>\n<h3>6. cartes et contenu externe<\/h3>\n<h6>Google Maps<\/h6>\n<p>Ce site web int\u00e8gre Google Maps. Le fournisseur est Google Ireland Limited, Gordon House, Barrow Street, Dublin 4, Irlande. <\/p>\n<p>L&rsquo;int\u00e9gration n&rsquo;a lieu qu&rsquo;apr\u00e8s votre accord. Dans ce contexte, des donn\u00e9es \u00e0 caract\u00e8re personnel, notamment votre adresse IP, peuvent \u00eatre transmises \u00e0 Google et trait\u00e9es aux \u00c9tats-Unis. Des garanties appropri\u00e9es existent pour les transferts de donn\u00e9es vers les \u00c9tats-Unis, notamment des clauses contractuelles standard.  <\/p>\n<p>Le traitement est effectu\u00e9 exclusivement sur la base de votre consentement conform\u00e9ment \u00e0 l&rsquo;article 6, paragraphe 1, point a) du RGPD.  <\/p>\n<h3>7. analyse<\/h3>\n<p>Ce site ne fait actuellement l&rsquo;objet d&rsquo;aucun suivi ni d&rsquo;aucune analyse web par des outils d&rsquo;analyse tels que Google Analytics ou Matomo.<\/p>\n<h3>8. partage des donn\u00e9es<\/h3>\n<p>Les donn\u00e9es personnelles ne sont transmises que dans la mesure o\u00f9 cela est n\u00e9cessaire \u00e0 l&rsquo;ex\u00e9cution du contrat, \u00e0 la mise \u00e0 disposition technique du site Internet ou en raison d&rsquo;obligations l\u00e9gales.<\/p>\n<p>Les destinataires peuvent \u00eatre notamment des h\u00e9bergeurs, des fournisseurs d&rsquo;outils de consent, des services de protection contre le spam et des services de cartographie int\u00e9gr\u00e9s.<\/p>\n<h3>9. s\u00e9curit\u00e9 des donn\u00e9es<\/h3>\n<p>Ce site utilise un cryptage SSL ou TLS pour s\u00e9curiser la transmission de contenus confidentiels.<\/p>\n<p>Nous prenons des mesures techniques et organisationnelles pour prot\u00e9ger vos donn\u00e9es contre la perte, la manipulation et l&rsquo;acc\u00e8s non autoris\u00e9.<\/p>\n<h3>10. vos droits<\/h3>\n<p>Dans le cadre des dispositions l\u00e9gales en vigueur, vous disposez d&rsquo;un droit d&rsquo;acc\u00e8s (article 15 du RGPD), de rectification (article 16 du RGPD), d&rsquo;effacement (article 17 du RGPD), de limitation du traitement (article 18 du RGPD) et de portabilit\u00e9 des donn\u00e9es (article 20 du RGPD).<\/p>\n<p>Vous pouvez \u00e0 tout moment r\u00e9voquer un consentement donn\u00e9 avec effet pour l&rsquo;avenir (article 7, paragraphe 3, du RGPD).<\/p>\n<p>Dans la mesure o\u00f9 le traitement est fond\u00e9 sur l&rsquo;article 6, paragraphe 1, point f), du RGPD, vous avez le droit de vous opposer au traitement de vos donn\u00e9es personnelles (article 21 du RGPD).  <\/p>\n<p>Vous disposez \u00e9galement d&rsquo;un droit de recours aupr\u00e8s d&rsquo;une autorit\u00e9 de contr\u00f4le comp\u00e9tente.<\/p>\n<h3>11. d\u00e9l\u00e9gu\u00e9 \u00e0 la protection des donn\u00e9es<\/h3>\n<p>Tobias L\u00f6wen<br \/>\nD\u00e9l\u00e9gu\u00e9 \u00e0 la protection des donn\u00e9es<br \/>\n<a href=\"mailto:datenschutz@pdr-team.de\">datenschutz@pdr-team.de<\/a><\/p>\n<p>&nbsp;<\/p>\n<h3>Plus d&rsquo;informations<\/h3>\n<p><strong><a href=\"https:\/\/www.pdr-team.de\/wp-content\/uploads\/2023\/05\/Datenschutzvereinbarung-PDR-Subunternehmer.pdf\" target=\"_blank\" rel=\"noopener noreferrer\">D\u00e9claration de protection des donn\u00e9es de nos sous-traitants<br \/>\n<\/a><br \/>\n<\/strong>[\/et_pb_text][\/et_pb_column][\/et_pb_row][\/et_pb_section]<\/p>\n","protected":false},"excerpt":{"rendered":"<p>D\u00c9CLARATION DE CONFIDENTIALIT\u00c91. responsable PDR-Team GmbH Linthstr. 53 8856 Tuggen Suisse 2. indications g\u00e9n\u00e9rales Nous traitons les donn\u00e9es personnelles de mani\u00e8re confidentielle et conform\u00e9ment au droit suisse applicable en mati\u00e8re de protection des donn\u00e9es et, le cas \u00e9ch\u00e9ant, au r\u00e8glement g\u00e9n\u00e9ral sur la protection des donn\u00e9es (RGPD). L&rsquo;utilisation de notre site web est en principe [&hellip;]<\/p>\n","protected":false},"author":2,"featured_media":0,"parent":0,"menu_order":0,"comment_status":"closed","ping_status":"open","template":"","meta":{"_acf_changed":false,"_et_pb_use_builder":"on","_et_pb_old_content":"","_et_gb_content_width":"","footnotes":""},"class_list":["post-8356","page","type-page","status-publish","hentry"],"acf":[],"yoast_head":"<!-- This site is optimized with the Yoast SEO plugin v27.5 - https:\/\/yoast.com\/product\/yoast-seo-wordpress\/ -->\n<title>D\u00c9CLARATION DE CONFIDENTIALIT\u00c9 - PDR-Team Schweiz<\/title>\n<meta name=\"description\" content=\"Hier finden Sie alle Informationen zu den Datenschutzbestimmungen der PDR-Team GmbH, dem Profi im Bereich Hagelschadenreparatur.\" \/>\n<meta name=\"robots\" content=\"index, follow, max-snippet:-1, max-image-preview:large, max-video-preview:-1\" \/>\n<link rel=\"canonical\" href=\"https:\/\/www.pdr-team.ch\/fr\/declaration-de-confidentialite\/\" \/>\n<meta property=\"og:locale\" content=\"fr_FR\" \/>\n<meta property=\"og:type\" content=\"article\" \/>\n<meta property=\"og:title\" content=\"D\u00c9CLARATION DE CONFIDENTIALIT\u00c9 - PDR-Team Schweiz\" \/>\n<meta property=\"og:description\" content=\"Hier finden Sie alle Informationen zu den Datenschutzbestimmungen der PDR-Team GmbH, dem Profi im Bereich Hagelschadenreparatur.\" \/>\n<meta property=\"og:site_name\" content=\"PDR-Team Schweiz\" \/>\n<meta property=\"article:publisher\" content=\"https:\/\/www.facebook.com\/PDRTeamGmbH\/\" \/>\n<meta property=\"article:modified_time\" content=\"2026-04-17T13:39:45+00:00\" \/>\n<meta property=\"og:image\" content=\"https:\/\/www.pdr-team.ch\/wp-content\/uploads\/2023\/05\/webdesign-pdr-team.webp\" \/>\n\t<meta property=\"og:image:width\" content=\"1200\" \/>\n\t<meta property=\"og:image:height\" content=\"675\" \/>\n\t<meta property=\"og:image:type\" content=\"image\/webp\" \/>\n<meta name=\"twitter:card\" content=\"summary_large_image\" \/>\n<meta name=\"twitter:label1\" content=\"Dur\u00e9e de lecture estim\u00e9e\" \/>\n\t<meta name=\"twitter:data1\" content=\"7 minutes\" \/>\n<script type=\"application\/ld+json\" class=\"yoast-schema-graph\">{\"@context\":\"https:\\\/\\\/schema.org\",\"@graph\":[{\"@type\":\"WebPage\",\"@id\":\"https:\\\/\\\/www.pdr-team.ch\\\/fr\\\/declaration-de-confidentialite\\\/\",\"url\":\"https:\\\/\\\/www.pdr-team.ch\\\/fr\\\/declaration-de-confidentialite\\\/\",\"name\":\"D\u00c9CLARATION DE CONFIDENTIALIT\u00c9 - PDR-Team Schweiz\",\"isPartOf\":{\"@id\":\"https:\\\/\\\/pdr-team.ch\\\/#website\"},\"datePublished\":\"2023-04-19T06:23:41+00:00\",\"dateModified\":\"2026-04-17T13:39:45+00:00\",\"description\":\"Hier finden Sie alle Informationen zu den Datenschutzbestimmungen der PDR-Team GmbH, dem Profi im Bereich Hagelschadenreparatur.\",\"breadcrumb\":{\"@id\":\"https:\\\/\\\/www.pdr-team.ch\\\/fr\\\/declaration-de-confidentialite\\\/#breadcrumb\"},\"inLanguage\":\"fr-FR\",\"potentialAction\":[{\"@type\":\"ReadAction\",\"target\":[\"https:\\\/\\\/www.pdr-team.ch\\\/fr\\\/declaration-de-confidentialite\\\/\"]}]},{\"@type\":\"BreadcrumbList\",\"@id\":\"https:\\\/\\\/www.pdr-team.ch\\\/fr\\\/declaration-de-confidentialite\\\/#breadcrumb\",\"itemListElement\":[{\"@type\":\"ListItem\",\"position\":1,\"name\":\"Startseite\",\"item\":\"https:\\\/\\\/www.pdr-team.ch\\\/fr\\\/\"},{\"@type\":\"ListItem\",\"position\":2,\"name\":\"D\u00c9CLARATION DE CONFIDENTIALIT\u00c9\"}]},{\"@type\":\"WebSite\",\"@id\":\"https:\\\/\\\/pdr-team.ch\\\/#website\",\"url\":\"https:\\\/\\\/pdr-team.ch\\\/\",\"name\":\"PDR-Team GmbH\",\"description\":\"\",\"publisher\":{\"@id\":\"https:\\\/\\\/pdr-team.ch\\\/#organization\"},\"alternateName\":\"Hagelschadenservice\",\"potentialAction\":[{\"@type\":\"SearchAction\",\"target\":{\"@type\":\"EntryPoint\",\"urlTemplate\":\"https:\\\/\\\/pdr-team.ch\\\/?s={search_term_string}\"},\"query-input\":{\"@type\":\"PropertyValueSpecification\",\"valueRequired\":true,\"valueName\":\"search_term_string\"}}],\"inLanguage\":\"fr-FR\"},{\"@type\":\"Organization\",\"@id\":\"https:\\\/\\\/pdr-team.ch\\\/#organization\",\"name\":\"PDR-Team GmbH\",\"alternateName\":\"PDR-Team GmbH, Tuggen\",\"url\":\"https:\\\/\\\/pdr-team.ch\\\/\",\"logo\":{\"@type\":\"ImageObject\",\"inLanguage\":\"fr-FR\",\"@id\":\"https:\\\/\\\/pdr-team.ch\\\/#\\\/schema\\\/logo\\\/image\\\/\",\"url\":\"https:\\\/\\\/pdr-team.ch\\\/wp-content\\\/uploads\\\/2023\\\/04\\\/PDRTeamLogoSmall.png\",\"contentUrl\":\"https:\\\/\\\/pdr-team.ch\\\/wp-content\\\/uploads\\\/2023\\\/04\\\/PDRTeamLogoSmall.png\",\"width\":311,\"height\":86,\"caption\":\"PDR-Team GmbH\"},\"image\":{\"@id\":\"https:\\\/\\\/pdr-team.ch\\\/#\\\/schema\\\/logo\\\/image\\\/\"},\"sameAs\":[\"https:\\\/\\\/www.facebook.com\\\/PDRTeamGmbH\\\/\",\"https:\\\/\\\/www.instagram.com\\\/pdr_team_de\\\/\"]}]}<\/script>\n<!-- \/ Yoast SEO plugin. -->","yoast_head_json":{"title":"D\u00c9CLARATION DE CONFIDENTIALIT\u00c9 - PDR-Team Schweiz","description":"Hier finden Sie alle Informationen zu den Datenschutzbestimmungen der PDR-Team GmbH, dem Profi im Bereich Hagelschadenreparatur.","robots":{"index":"index","follow":"follow","max-snippet":"max-snippet:-1","max-image-preview":"max-image-preview:large","max-video-preview":"max-video-preview:-1"},"canonical":"https:\/\/www.pdr-team.ch\/fr\/declaration-de-confidentialite\/","og_locale":"fr_FR","og_type":"article","og_title":"D\u00c9CLARATION DE CONFIDENTIALIT\u00c9 - PDR-Team Schweiz","og_description":"Hier finden Sie alle Informationen zu den Datenschutzbestimmungen der PDR-Team GmbH, dem Profi im Bereich Hagelschadenreparatur.","og_site_name":"PDR-Team Schweiz","article_publisher":"https:\/\/www.facebook.com\/PDRTeamGmbH\/","article_modified_time":"2026-04-17T13:39:45+00:00","og_image":[{"width":1200,"height":675,"url":"https:\/\/www.pdr-team.ch\/wp-content\/uploads\/2023\/05\/webdesign-pdr-team.webp","type":"image\/webp"}],"twitter_card":"summary_large_image","twitter_misc":{"Dur\u00e9e de lecture estim\u00e9e":"7 minutes"},"schema":{"@context":"https:\/\/schema.org","@graph":[{"@type":"WebPage","@id":"https:\/\/www.pdr-team.ch\/fr\/declaration-de-confidentialite\/","url":"https:\/\/www.pdr-team.ch\/fr\/declaration-de-confidentialite\/","name":"D\u00c9CLARATION DE CONFIDENTIALIT\u00c9 - PDR-Team Schweiz","isPartOf":{"@id":"https:\/\/pdr-team.ch\/#website"},"datePublished":"2023-04-19T06:23:41+00:00","dateModified":"2026-04-17T13:39:45+00:00","description":"Hier finden Sie alle Informationen zu den Datenschutzbestimmungen der PDR-Team GmbH, dem Profi im Bereich Hagelschadenreparatur.","breadcrumb":{"@id":"https:\/\/www.pdr-team.ch\/fr\/declaration-de-confidentialite\/#breadcrumb"},"inLanguage":"fr-FR","potentialAction":[{"@type":"ReadAction","target":["https:\/\/www.pdr-team.ch\/fr\/declaration-de-confidentialite\/"]}]},{"@type":"BreadcrumbList","@id":"https:\/\/www.pdr-team.ch\/fr\/declaration-de-confidentialite\/#breadcrumb","itemListElement":[{"@type":"ListItem","position":1,"name":"Startseite","item":"https:\/\/www.pdr-team.ch\/fr\/"},{"@type":"ListItem","position":2,"name":"D\u00c9CLARATION DE CONFIDENTIALIT\u00c9"}]},{"@type":"WebSite","@id":"https:\/\/pdr-team.ch\/#website","url":"https:\/\/pdr-team.ch\/","name":"PDR-Team GmbH","description":"","publisher":{"@id":"https:\/\/pdr-team.ch\/#organization"},"alternateName":"Hagelschadenservice","potentialAction":[{"@type":"SearchAction","target":{"@type":"EntryPoint","urlTemplate":"https:\/\/pdr-team.ch\/?s={search_term_string}"},"query-input":{"@type":"PropertyValueSpecification","valueRequired":true,"valueName":"search_term_string"}}],"inLanguage":"fr-FR"},{"@type":"Organization","@id":"https:\/\/pdr-team.ch\/#organization","name":"PDR-Team GmbH","alternateName":"PDR-Team GmbH, Tuggen","url":"https:\/\/pdr-team.ch\/","logo":{"@type":"ImageObject","inLanguage":"fr-FR","@id":"https:\/\/pdr-team.ch\/#\/schema\/logo\/image\/","url":"https:\/\/pdr-team.ch\/wp-content\/uploads\/2023\/04\/PDRTeamLogoSmall.png","contentUrl":"https:\/\/pdr-team.ch\/wp-content\/uploads\/2023\/04\/PDRTeamLogoSmall.png","width":311,"height":86,"caption":"PDR-Team GmbH"},"image":{"@id":"https:\/\/pdr-team.ch\/#\/schema\/logo\/image\/"},"sameAs":["https:\/\/www.facebook.com\/PDRTeamGmbH\/","https:\/\/www.instagram.com\/pdr_team_de\/"]}]}},"_links":{"self":[{"href":"https:\/\/www.pdr-team.ch\/fr\/wp-json\/wp\/v2\/pages\/8356","targetHints":{"allow":["GET"]}}],"collection":[{"href":"https:\/\/www.pdr-team.ch\/fr\/wp-json\/wp\/v2\/pages"}],"about":[{"href":"https:\/\/www.pdr-team.ch\/fr\/wp-json\/wp\/v2\/types\/page"}],"author":[{"embeddable":true,"href":"https:\/\/www.pdr-team.ch\/fr\/wp-json\/wp\/v2\/users\/2"}],"replies":[{"embeddable":true,"href":"https:\/\/www.pdr-team.ch\/fr\/wp-json\/wp\/v2\/comments?post=8356"}],"version-history":[{"count":0,"href":"https:\/\/www.pdr-team.ch\/fr\/wp-json\/wp\/v2\/pages\/8356\/revisions"}],"wp:attachment":[{"href":"https:\/\/www.pdr-team.ch\/fr\/wp-json\/wp\/v2\/media?parent=8356"}],"curies":[{"name":"wp","href":"https:\/\/api.w.org\/{rel}","templated":true}]}}