
{"id":8120,"date":"2023-04-27T06:25:31","date_gmt":"2023-04-27T04:25:31","guid":{"rendered":"https:\/\/pdr-team.ch\/wap\/"},"modified":"2024-03-01T12:18:05","modified_gmt":"2024-03-01T10:18:05","slug":"wap","status":"publish","type":"page","link":"https:\/\/www.pdr-team.ch\/fr\/wap\/","title":{"rendered":"WAP"},"content":{"rendered":"<p>[et_pb_section fb_built=\u00a0\u00bb1&Prime; admin_label=\u00a0\u00bbIntro\u00a0\u00bb _builder_version=\u00a0\u00bb4.17.3&Prime; _module_preset=\u00a0\u00bbdefault\u00a0\u00bb background_image=\u00a0\u00bbhttps:\/\/www.pdr-team.de\/wp-content\/uploads\/2023\/05\/wap-intro.webp\u00a0\u00bb width=\u00a0\u00bb100%\u00a0\u00bb min_height=\u00a0\u00bb650px\u00a0\u00bb min_height_tablet=\u00a0\u00bb300px\u00a0\u00bb min_height_phone=\u00a0\u00bb250px\u00a0\u00bb min_height_last_edited=\u00a0\u00bbon|phone\u00a0\u00bb da_disable_devices=\u00a0\u00bboff|off|off\u00a0\u00bb locked=\u00a0\u00bboff\u00a0\u00bb collapsed=\u00a0\u00bboff\u00a0\u00bb global_colors_info=\u00a0\u00bb{}\u00a0\u00bb da_is_popup=\u00a0\u00bboff\u00a0\u00bb da_exit_intent=\u00a0\u00bboff\u00a0\u00bb da_has_close=\u00a0\u00bbon\u00a0\u00bb da_alt_close=\u00a0\u00bboff\u00a0\u00bb da_dark_close=\u00a0\u00bboff\u00a0\u00bb da_not_modal=\u00a0\u00bbon\u00a0\u00bb da_is_singular=\u00a0\u00bboff\u00a0\u00bb da_with_loader=\u00a0\u00bboff\u00a0\u00bb da_has_shadow=\u00a0\u00bbon\u00a0\u00bb][\/et_pb_section][et_pb_section fb_built=\u00a0\u00bb1&Prime; custom_padding_last_edited=\u00a0\u00bbon|tablet\u00a0\u00bb admin_label=\u00a0\u00bbWAP\u00a0\u00bb _builder_version=\u00a0\u00bb4.17.3&Prime; _module_preset=\u00a0\u00bbdefault\u00a0\u00bb custom_padding=\u00a0\u00bb60px||||false|false\u00a0\u00bb custom_padding_tablet=\u00a0\u00bb50px||0px||false|false\u00a0\u00bb custom_padding_phone=\u00a0\u00bb30px||||false|false\u00a0\u00bb da_disable_devices=\u00a0\u00bboff|off|off\u00a0\u00bb locked=\u00a0\u00bboff\u00a0\u00bb global_colors_info=\u00a0\u00bb{}\u00a0\u00bb da_is_popup=\u00a0\u00bboff\u00a0\u00bb da_exit_intent=\u00a0\u00bboff\u00a0\u00bb da_has_close=\u00a0\u00bbon\u00a0\u00bb da_alt_close=\u00a0\u00bboff\u00a0\u00bb da_dark_close=\u00a0\u00bboff\u00a0\u00bb da_not_modal=\u00a0\u00bbon\u00a0\u00bb da_is_singular=\u00a0\u00bboff\u00a0\u00bb da_with_loader=\u00a0\u00bboff\u00a0\u00bb da_has_shadow=\u00a0\u00bbon\u00a0\u00bb][et_pb_row column_structure=\u00a0\u00bb3_5,2_5&Prime; use_custom_gutter=\u00a0\u00bbon\u00a0\u00bb make_equal=\u00a0\u00bbon\u00a0\u00bb _builder_version=\u00a0\u00bb4.17.3&Prime; _module_preset=\u00a0\u00bbdefault\u00a0\u00bb width=\u00a0\u00bb90%\u00a0\u00bb custom_css_main_element=\u00a0\u00bbalign-items: center;\u00a0\u00bb global_colors_info=\u00a0\u00bb{}\u00a0\u00bb][et_pb_column type=\u00a0\u00bb3_5&Prime; _builder_version=\u00a0\u00bb4.17.3&Prime; _module_preset=\u00a0\u00bbdefault\u00a0\u00bb global_colors_info=\u00a0\u00bb{}\u00a0\u00bb][et_pb_text admin_label=\u00a0\u00bbHeadlines\u00a0\u00bb module_class=\u00a0\u00bbheadlines\u00a0\u00bb _builder_version=\u00a0\u00bb4.17.3&Prime; _module_preset=\u00a0\u00bbdefault\u00a0\u00bb header_font=\u00a0\u00bb|700||on|||||\u00a0\u00bb header_text_color=\u00a0\u00bb#19559F\u00a0\u00bb header_font_size=\u00a0\u00bb44px\u00a0\u00bb header_line_height=\u00a0\u00bb44px\u00a0\u00bb header_2_text_color=\u00a0\u00bb#131313&Prime; header_2_font_size=\u00a0\u00bb34px\u00a0\u00bb header_2_line_height=\u00a0\u00bb40px\u00a0\u00bb header_3_text_color=\u00a0\u00bb#131313&Prime; custom_margin=\u00a0\u00bb||20px||false|false\u00a0\u00bb custom_padding=\u00a0\u00bb||0px||false|false\u00a0\u00bb locked=\u00a0\u00bboff\u00a0\u00bb global_colors_info=\u00a0\u00bb{}\u00a0\u00bb]<\/p>\n<h1>Logiciel en ligne WAP<\/h1>\n<h2>Nous fa\u00e7onnons l&rsquo;avenir de la gestion des sinistres<\/h2>\n<p>[\/et_pb_text][et_pb_text admin_label=\u00a0\u00bbInfotext\u00a0\u00bb _builder_version=\u00a0\u00bb4.17.3&Prime; _module_preset=\u00a0\u00bbdefault\u00a0\u00bb text_text_color=\u00a0\u00bb#131313&Prime; text_font_size=\u00a0\u00bb18px\u00a0\u00bb text_line_height=\u00a0\u00bb25px\u00a0\u00bb header_font=\u00a0\u00bb|700||on|||||\u00a0\u00bb header_text_color=\u00a0\u00bb#131313&Prime; header_font_size=\u00a0\u00bb44px\u00a0\u00bb header_3_text_color=\u00a0\u00bb#131313&Prime; max_width=\u00a0\u00bb90%\u00a0\u00bb locked=\u00a0\u00bboff\u00a0\u00bb global_colors_info=\u00a0\u00bb{}\u00a0\u00bb]<\/p>\n<p>Pour g\u00e9rer et coordonner efficacement un nombre quelconque de commandes, il faut une strat\u00e9gie de contr\u00f4le sophistiqu\u00e9e. C&rsquo;est l\u00e0 qu&rsquo;intervient notre logiciel en ligne WAP, d\u00e9velopp\u00e9 en interne, qui permet un \u00e9change de donn\u00e9es sans probl\u00e8me gr\u00e2ce \u00e0 des interfaces int\u00e9gr\u00e9es.<\/p>\n<p>Gr\u00e2ce au WAP et \u00e0 nos interfaces int\u00e9gr\u00e9es, nous pouvons organiser le traitement des sinistres de mani\u00e8re extr\u00eamement efficace. Le v\u00e9hicule est alors dirig\u00e9 de mani\u00e8re cibl\u00e9e vers un atelier du client situ\u00e9 \u00e0 proximit\u00e9. Notre r\u00e9seau dense et europ\u00e9en permet de r\u00e9duire les trajets afin d&rsquo;\u00e9conomiser du temps et de l&rsquo;argent.<\/p>\n<p>[\/et_pb_text][\/et_pb_column][et_pb_column type=\u00a0\u00bb2_5&Prime; _builder_version=\u00a0\u00bb4.17.3&Prime; _module_preset=\u00a0\u00bbdefault\u00a0\u00bb global_colors_info=\u00a0\u00bb{}\u00a0\u00bb][et_pb_image src=\u00a0\u00bbhttps:\/\/www.pdr-team.de\/wp-content\/uploads\/2023\/05\/wap-mockup.png\u00a0\u00bb alt=\u00a0\u00bbWAP \u2013 Mockup responsive\u00a0\u00bb title_text=\u00a0\u00bbwap-mockup\u00a0\u00bb _builder_version=\u00a0\u00bb4.17.3&Prime; _module_preset=\u00a0\u00bbdefault\u00a0\u00bb max_width=\u00a0\u00bb100%\u00a0\u00bb global_colors_info=\u00a0\u00bb{}\u00a0\u00bb][\/et_pb_image][\/et_pb_column][\/et_pb_row][\/et_pb_section][et_pb_section fb_built=\u00a0\u00bb1&Prime; custom_padding_last_edited=\u00a0\u00bbon|phone\u00a0\u00bb disabled_on=\u00a0\u00bboff|off|off\u00a0\u00bb admin_label=\u00a0\u00bbVorteile\u00a0\u00bb module_class=\u00a0\u00bbvergleich\u00a0\u00bb _builder_version=\u00a0\u00bb4.17.3&Prime; _module_preset=\u00a0\u00bbdefault\u00a0\u00bb background_color=\u00a0\u00bb#FFFFFF\u00a0\u00bb custom_padding=\u00a0\u00bb0px||100px||false|false\u00a0\u00bb custom_padding_tablet=\u00a0\u00bb||50px||false|false\u00a0\u00bb custom_padding_phone=\u00a0\u00bb||30px||false|false\u00a0\u00bb da_disable_devices=\u00a0\u00bboff|off|off\u00a0\u00bb locked=\u00a0\u00bboff\u00a0\u00bb collapsed=\u00a0\u00bboff\u00a0\u00bb global_colors_info=\u00a0\u00bb{}\u00a0\u00bb da_is_popup=\u00a0\u00bboff\u00a0\u00bb da_exit_intent=\u00a0\u00bboff\u00a0\u00bb da_has_close=\u00a0\u00bbon\u00a0\u00bb da_alt_close=\u00a0\u00bboff\u00a0\u00bb da_dark_close=\u00a0\u00bboff\u00a0\u00bb da_not_modal=\u00a0\u00bbon\u00a0\u00bb da_is_singular=\u00a0\u00bboff\u00a0\u00bb da_with_loader=\u00a0\u00bboff\u00a0\u00bb da_has_shadow=\u00a0\u00bbon\u00a0\u00bb][et_pb_row column_structure=\u00a0\u00bb1_3,1_3,1_3&Prime; use_custom_gutter=\u00a0\u00bbon\u00a0\u00bb gutter_width=\u00a0\u00bb2&Prime; make_equal=\u00a0\u00bbon\u00a0\u00bb module_class=\u00a0\u00bbboxes-row\u00a0\u00bb _builder_version=\u00a0\u00bb4.17.3&Prime; _module_preset=\u00a0\u00bbdefault\u00a0\u00bb width=\u00a0\u00bb90%\u00a0\u00bb global_colors_info=\u00a0\u00bb{}\u00a0\u00bb][et_pb_column type=\u00a0\u00bb1_3&Prime; _builder_version=\u00a0\u00bb4.17.3&Prime; _module_preset=\u00a0\u00bbdefault\u00a0\u00bb global_colors_info=\u00a0\u00bb{}\u00a0\u00bb][et_pb_text admin_label=\u00a0\u00bbHL &#8211; Text\u00a0\u00bb module_class=\u00a0\u00bbheadlines\u00a0\u00bb _builder_version=\u00a0\u00bb4.17.3&Prime; _module_preset=\u00a0\u00bbdefault\u00a0\u00bb text_text_color=\u00a0\u00bb#131313&Prime; text_font_size=\u00a0\u00bb18px\u00a0\u00bb text_line_height=\u00a0\u00bb25px\u00a0\u00bb header_font=\u00a0\u00bb|700||on|||||\u00a0\u00bb header_text_color=\u00a0\u00bb#19559F\u00a0\u00bb header_font_size=\u00a0\u00bb44px\u00a0\u00bb header_line_height=\u00a0\u00bb46px\u00a0\u00bb header_2_text_align=\u00a0\u00bbleft\u00a0\u00bb header_2_text_color=\u00a0\u00bb#131313&Prime; header_2_font_size=\u00a0\u00bb34px\u00a0\u00bb header_2_line_height=\u00a0\u00bb40px\u00a0\u00bb header_3_text_color=\u00a0\u00bb#131313&Prime; custom_margin=\u00a0\u00bb||0px||false|false\u00a0\u00bb sticky_position=\u00a0\u00bbtop\u00a0\u00bb sticky_offset_top=\u00a0\u00bb100px\u00a0\u00bb sticky_limit_bottom=\u00a0\u00bbrow\u00a0\u00bb scroll_fade=\u00a0\u00bb0|0|90|100|100%|100|0%\u00a0\u00bb sticky_position_tablet=\u00a0\u00bbnone\u00a0\u00bb sticky_position_phone=\u00a0\u00bbnone\u00a0\u00bb sticky_position_last_edited=\u00a0\u00bbon|tablet\u00a0\u00bb global_colors_info=\u00a0\u00bb{}\u00a0\u00bb]<\/p>\n<h1 style=\"text-align: left;\">Aper\u00e7u des avantages<\/h1>\n<h2 style=\"text-align: left;\">Optimisation des processus<br \/>gr\u00e2ce au WAP<\/h2>\n<p>[\/et_pb_text][\/et_pb_column][et_pb_column type=\u00a0\u00bb1_3&Prime; _builder_version=\u00a0\u00bb4.17.3&Prime; _module_preset=\u00a0\u00bbdefault\u00a0\u00bb custom_css_main_element=\u00a0\u00bbmargin-bottom: 0;\u00a0\u00bb global_colors_info=\u00a0\u00bb{}\u00a0\u00bb][et_pb_text admin_label=\u00a0\u00bbAuftragskontrolle von A-Z\u00a0\u00bb module_class=\u00a0\u00bbboxes resp\u00a0\u00bb _builder_version=\u00a0\u00bb4.17.3&Prime; _module_preset=\u00a0\u00bbdefault\u00a0\u00bb text_text_color=\u00a0\u00bb#131313&Prime; text_font_size=\u00a0\u00bb18px\u00a0\u00bb text_line_height=\u00a0\u00bb25px\u00a0\u00bb header_font=\u00a0\u00bb|700||on|||||\u00a0\u00bb header_text_color=\u00a0\u00bb#FFFFFF\u00a0\u00bb header_font_size=\u00a0\u00bb44px\u00a0\u00bb header_line_height=\u00a0\u00bb46px\u00a0\u00bb header_2_text_align=\u00a0\u00bbleft\u00a0\u00bb header_2_text_color=\u00a0\u00bb#FFFFFF\u00a0\u00bb header_2_font_size=\u00a0\u00bb34px\u00a0\u00bb header_2_line_height=\u00a0\u00bb56px\u00a0\u00bb header_3_font=\u00a0\u00bb|600|||||||\u00a0\u00bb header_3_text_color=\u00a0\u00bb#131313&Prime; header_3_font_size=\u00a0\u00bb34px\u00a0\u00bb header_3_line_height=\u00a0\u00bb35px\u00a0\u00bb header_5_font=\u00a0\u00bb|700|||||||\u00a0\u00bb header_5_text_color=\u00a0\u00bb#FFFFFF\u00a0\u00bb header_5_font_size=\u00a0\u00bb24px\u00a0\u00bb max_width=\u00a0\u00bb550px\u00a0\u00bb min_height=\u00a0\u00bb316px\u00a0\u00bb custom_margin=\u00a0\u00bb||20px||false|false\u00a0\u00bb custom_padding=\u00a0\u00bb30px|30px|30px|30px|false|false\u00a0\u00bb scroll_fade_enable=\u00a0\u00bbon\u00a0\u00bb scroll_fade=\u00a0\u00bb0|15|85|100|0%|100|0%\u00a0\u00bb custom_css_before=\u00a0\u00bb content: %22%92f058%22;|| font-family: %22Font Awesome 6 Pro%22;|| font-weight: 900;|| font-size: 64px;|| line-height: 70px;|| color: #19559f;|| display: block;|| margin-bottom: 25px;\u00a0\u00bb box_shadow_style=\u00a0\u00bbpreset1&Prime; box_shadow_color=\u00a0\u00bbrgba(0,0,0,0.2)\u00a0\u00bb global_colors_info=\u00a0\u00bb{}\u00a0\u00bb]<\/p>\n<h3>Contr\u00f4le des commandes<br \/>de A \u00e0 Z<\/h3>\n<p>Gr\u00e2ce au WAP, vous \u00eates toujours \u00e0 jour et avez un aper\u00e7u complet de toutes les commandes en cours. De la prise de commande \u00e0 la fin de la r\u00e9paration, vous avez un aper\u00e7u en direct de chaque dommage. Toutes les \u00e9tapes du processus ainsi que les donn\u00e9es importantes sont enti\u00e8rement tra\u00e7ables.<\/p>\n<p>[\/et_pb_text][et_pb_text admin_label=\u00a0\u00bbIntegrierte Schnittstellen\u00a0\u00bb module_class=\u00a0\u00bbboxes resp\u00a0\u00bb _builder_version=\u00a0\u00bb4.17.3&Prime; _module_preset=\u00a0\u00bbdefault\u00a0\u00bb text_text_color=\u00a0\u00bb#131313&Prime; text_font_size=\u00a0\u00bb18px\u00a0\u00bb text_line_height=\u00a0\u00bb25px\u00a0\u00bb header_font=\u00a0\u00bb|700||on|||||\u00a0\u00bb header_text_color=\u00a0\u00bb#FFFFFF\u00a0\u00bb header_font_size=\u00a0\u00bb44px\u00a0\u00bb header_line_height=\u00a0\u00bb46px\u00a0\u00bb header_2_text_align=\u00a0\u00bbleft\u00a0\u00bb header_2_text_color=\u00a0\u00bb#FFFFFF\u00a0\u00bb header_2_font_size=\u00a0\u00bb34px\u00a0\u00bb header_2_line_height=\u00a0\u00bb56px\u00a0\u00bb header_3_font=\u00a0\u00bb|600|||||||\u00a0\u00bb header_3_text_color=\u00a0\u00bb#131313&Prime; header_3_font_size=\u00a0\u00bb34px\u00a0\u00bb header_3_line_height=\u00a0\u00bb35px\u00a0\u00bb header_5_font=\u00a0\u00bb|700|||||||\u00a0\u00bb header_5_text_color=\u00a0\u00bb#FFFFFF\u00a0\u00bb header_5_font_size=\u00a0\u00bb24px\u00a0\u00bb max_width=\u00a0\u00bb550px\u00a0\u00bb min_height=\u00a0\u00bb316px\u00a0\u00bb custom_margin=\u00a0\u00bb20px||20px||false|false\u00a0\u00bb custom_padding=\u00a0\u00bb30px|30px|30px|30px|false|false\u00a0\u00bb scroll_fade_enable=\u00a0\u00bbon\u00a0\u00bb scroll_fade=\u00a0\u00bb0|15|85|100|0|100|0%\u00a0\u00bb custom_css_before=\u00a0\u00bb content: %22%92f6ff%22;|| font-family: %22Font Awesome 6 Pro%22;|| font-weight: 900;|| font-size: 64px;|| line-height: 70px;|| color: #19559f;|| display: block;|| margin-bottom: 25px;\u00a0\u00bb box_shadow_style=\u00a0\u00bbpreset1&Prime; box_shadow_color=\u00a0\u00bbrgba(0,0,0,0.2)\u00a0\u00bb global_colors_info=\u00a0\u00bb{}\u00a0\u00bb]<\/p>\n<h3>Interfaces int\u00e9gr\u00e9es<\/h3>\n<p>Le logiciel int\u00e8gre les principales interfaces du secteur des sinistres automobiles. Il s&rsquo;agit d&rsquo;interfaces connues telles que 3C, Combi Connect, DAT, Audatex ainsi que de nombreuses autres connexions avec les gestionnaires de sinistres, les bureaux SV et les syst\u00e8mes de calcul.<\/p>\n<p>[\/et_pb_text][\/et_pb_column][et_pb_column type=\u00a0\u00bb1_3&Prime; _builder_version=\u00a0\u00bb4.17.3&Prime; _module_preset=\u00a0\u00bbdefault\u00a0\u00bb global_colors_info=\u00a0\u00bb{}\u00a0\u00bb][et_pb_text admin_label=\u00a0\u00bbDigitale Prozessverwaltung\u00a0\u00bb module_class=\u00a0\u00bbboxes resp\u00a0\u00bb _builder_version=\u00a0\u00bb4.17.3&Prime; _module_preset=\u00a0\u00bbdefault\u00a0\u00bb text_text_color=\u00a0\u00bb#131313&Prime; text_font_size=\u00a0\u00bb18px\u00a0\u00bb text_line_height=\u00a0\u00bb25px\u00a0\u00bb header_font=\u00a0\u00bb|700||on|||||\u00a0\u00bb header_text_color=\u00a0\u00bb#FFFFFF\u00a0\u00bb header_font_size=\u00a0\u00bb44px\u00a0\u00bb header_line_height=\u00a0\u00bb46px\u00a0\u00bb header_2_text_align=\u00a0\u00bbleft\u00a0\u00bb header_2_text_color=\u00a0\u00bb#FFFFFF\u00a0\u00bb header_2_font_size=\u00a0\u00bb34px\u00a0\u00bb header_2_line_height=\u00a0\u00bb56px\u00a0\u00bb header_3_font=\u00a0\u00bb|600|||||||\u00a0\u00bb header_3_text_color=\u00a0\u00bb#131313&Prime; header_3_font_size=\u00a0\u00bb34px\u00a0\u00bb header_3_line_height=\u00a0\u00bb35px\u00a0\u00bb header_5_font=\u00a0\u00bb|700|||||||\u00a0\u00bb header_5_text_color=\u00a0\u00bb#FFFFFF\u00a0\u00bb header_5_font_size=\u00a0\u00bb24px\u00a0\u00bb max_width=\u00a0\u00bb550px\u00a0\u00bb min_height=\u00a0\u00bb316px\u00a0\u00bb custom_margin=\u00a0\u00bb20px||20px||false|false\u00a0\u00bb custom_margin_tablet=\u00a0\u00bb0px||||false|false\u00a0\u00bb custom_margin_phone=\u00a0\u00bb0px||||false|false\u00a0\u00bb custom_margin_last_edited=\u00a0\u00bbon|tablet\u00a0\u00bb custom_padding=\u00a0\u00bb30px|30px|30px|30px|false|false\u00a0\u00bb scroll_fade_enable=\u00a0\u00bbon\u00a0\u00bb scroll_fade=\u00a0\u00bb0|15|85|100|0%|100%|0%\u00a0\u00bb hover_enabled=\u00a0\u00bb0&Prime; custom_css_before=\u00a0\u00bb content: %22%92f87a%22;|| font-family: %22Font Awesome 6 Pro%22;|| font-weight: 900;|| font-size: 64px;|| line-height: 70px;|| color: #19559f;|| display: block;|| margin-bottom: 25px;\u00a0\u00bb custom_css_main_element=\u00a0\u00bbhyphens: auto;\u00a0\u00bb box_shadow_style=\u00a0\u00bbpreset1&Prime; box_shadow_color=\u00a0\u00bbrgba(0,0,0,0.2)\u00a0\u00bb global_colors_info=\u00a0\u00bb{}\u00a0\u00bb sticky_enabled=\u00a0\u00bb0&Prime;]<\/p>\n<h3>Gestion num\u00e9rique des processus<\/h3>\n<p>\u00c0 l&rsquo;aide de processus num\u00e9riques, les commandes sont enti\u00e8rement automatis\u00e9es, surveill\u00e9es et trait\u00e9es, de la r\u00e9ception \u00e0 l&rsquo;expertise du dommage. De cette mani\u00e8re, nous garantissons d\u00e9j\u00e0 une efficacit\u00e9 maximale et une satisfaction client de 100%.<\/p>\n<p>[\/et_pb_text][et_pb_text admin_label=\u00a0\u00bbModerne Features\u00a0\u00bb module_class=\u00a0\u00bbboxes resp\u00a0\u00bb _builder_version=\u00a0\u00bb4.17.3&Prime; _module_preset=\u00a0\u00bbdefault\u00a0\u00bb text_text_color=\u00a0\u00bb#131313&Prime; text_font_size=\u00a0\u00bb18px\u00a0\u00bb text_line_height=\u00a0\u00bb25px\u00a0\u00bb header_font=\u00a0\u00bb|700||on|||||\u00a0\u00bb header_text_color=\u00a0\u00bb#FFFFFF\u00a0\u00bb header_font_size=\u00a0\u00bb44px\u00a0\u00bb header_line_height=\u00a0\u00bb46px\u00a0\u00bb header_2_text_align=\u00a0\u00bbleft\u00a0\u00bb header_2_text_color=\u00a0\u00bb#FFFFFF\u00a0\u00bb header_2_font_size=\u00a0\u00bb34px\u00a0\u00bb header_2_line_height=\u00a0\u00bb56px\u00a0\u00bb header_3_font=\u00a0\u00bb|600|||||||\u00a0\u00bb header_3_text_color=\u00a0\u00bb#131313&Prime; header_3_font_size=\u00a0\u00bb34px\u00a0\u00bb header_5_font=\u00a0\u00bb|700|||||||\u00a0\u00bb header_5_text_color=\u00a0\u00bb#FFFFFF\u00a0\u00bb header_5_font_size=\u00a0\u00bb24px\u00a0\u00bb max_width=\u00a0\u00bb550px\u00a0\u00bb min_height=\u00a0\u00bb316px\u00a0\u00bb custom_margin=\u00a0\u00bb||20px||false|false\u00a0\u00bb custom_padding=\u00a0\u00bb30px|30px|30px|30px|false|false\u00a0\u00bb scroll_fade_enable=\u00a0\u00bbon\u00a0\u00bb scroll_fade=\u00a0\u00bb0|15|85|100|0|100|0%\u00a0\u00bb hover_enabled=\u00a0\u00bb0&Prime; custom_css_before=\u00a0\u00bb content: %22%92f085%22;|| font-family: %22Font Awesome 6 Pro%22;|| font-weight: 900;|| font-size: 64px;|| line-height: 70px;|| color: #19559f;|| display: block;|| margin-bottom: 25px;\u00a0\u00bb box_shadow_style=\u00a0\u00bbpreset1&Prime; box_shadow_color=\u00a0\u00bbrgba(0,0,0,0.2)\u00a0\u00bb global_colors_info=\u00a0\u00bb{}\u00a0\u00bb sticky_enabled=\u00a0\u00bb0&Prime;]<\/p>\n<h3>Des fonctionnalit\u00e9s modernes<\/h3>\n<p>Le WAP int\u00e8gre aussi bien l&rsquo;invitation automatique, l&rsquo;\u00e9tat actuel, le r\u00e9sultat du calcul que la facture de r\u00e9paration. Cela permet d&rsquo;\u00e9conomiser du papier et des ressources importantes et de simplifier les processus.<\/p>\n<p>[\/et_pb_text][\/et_pb_column][\/et_pb_row][\/et_pb_section]<\/p>\n","protected":false},"excerpt":{"rendered":"<p>Logiciel en ligne WAP Nous fa\u00e7onnons l&rsquo;avenir de la gestion des sinistresPour g\u00e9rer et coordonner efficacement un nombre quelconque de commandes, il faut une strat\u00e9gie de contr\u00f4le sophistiqu\u00e9e. C&rsquo;est l\u00e0 qu&rsquo;intervient notre logiciel en ligne WAP, d\u00e9velopp\u00e9 en interne, qui permet un \u00e9change de donn\u00e9es sans probl\u00e8me gr\u00e2ce \u00e0 des interfaces int\u00e9gr\u00e9es. Gr\u00e2ce au WAP [&hellip;]<\/p>\n","protected":false},"author":2,"featured_media":0,"parent":0,"menu_order":0,"comment_status":"closed","ping_status":"closed","template":"","meta":{"_acf_changed":false,"_et_pb_use_builder":"on","_et_pb_old_content":"","_et_gb_content_width":"","footnotes":""},"class_list":["post-8120","page","type-page","status-publish","hentry"],"acf":[],"yoast_head":"<!-- This site is optimized with the Yoast SEO plugin v27.5 - https:\/\/yoast.com\/product\/yoast-seo-wordpress\/ -->\n<title>WAP - PDR-Team Schweiz<\/title>\n<meta name=\"description\" content=\"Notre logiciel WAP sp\u00e9cialement d\u00e9velopp\u00e9 et les interfaces int\u00e9gr\u00e9es assurent un \u00e9change de donn\u00e9es fluide.\" \/>\n<meta name=\"robots\" content=\"index, follow, max-snippet:-1, max-image-preview:large, max-video-preview:-1\" \/>\n<link rel=\"canonical\" href=\"https:\/\/www.pdr-team.ch\/fr\/wap\/\" \/>\n<meta property=\"og:locale\" content=\"fr_FR\" \/>\n<meta property=\"og:type\" content=\"article\" \/>\n<meta property=\"og:title\" content=\"WAP - PDR-Team Schweiz\" \/>\n<meta property=\"og:description\" content=\"Notre logiciel WAP sp\u00e9cialement d\u00e9velopp\u00e9 et les interfaces int\u00e9gr\u00e9es assurent un \u00e9change de donn\u00e9es fluide.\" \/>\n<meta property=\"og:site_name\" content=\"PDR-Team Schweiz\" \/>\n<meta property=\"article:publisher\" content=\"https:\/\/www.facebook.com\/PDRTeamGmbH\/\" \/>\n<meta property=\"article:modified_time\" content=\"2024-03-01T10:18:05+00:00\" \/>\n<meta property=\"og:image\" content=\"https:\/\/www.pdr-team.ch\/wp-content\/uploads\/2023\/05\/webdesign-pdr-team.webp\" \/>\n\t<meta property=\"og:image:width\" content=\"1200\" \/>\n\t<meta property=\"og:image:height\" content=\"675\" \/>\n\t<meta property=\"og:image:type\" content=\"image\/webp\" \/>\n<meta name=\"twitter:card\" content=\"summary_large_image\" \/>\n<meta name=\"twitter:label1\" content=\"Dur\u00e9e de lecture estim\u00e9e\" \/>\n\t<meta name=\"twitter:data1\" content=\"8 minutes\" \/>\n<script type=\"application\/ld+json\" class=\"yoast-schema-graph\">{\"@context\":\"https:\\\/\\\/schema.org\",\"@graph\":[{\"@type\":\"WebPage\",\"@id\":\"https:\\\/\\\/www.pdr-team.ch\\\/fr\\\/wap\\\/\",\"url\":\"https:\\\/\\\/www.pdr-team.ch\\\/fr\\\/wap\\\/\",\"name\":\"WAP - PDR-Team Schweiz\",\"isPartOf\":{\"@id\":\"https:\\\/\\\/pdr-team.ch\\\/#website\"},\"datePublished\":\"2023-04-27T04:25:31+00:00\",\"dateModified\":\"2024-03-01T10:18:05+00:00\",\"description\":\"Notre logiciel WAP sp\u00e9cialement d\u00e9velopp\u00e9 et les interfaces int\u00e9gr\u00e9es assurent un \u00e9change de donn\u00e9es fluide.\",\"breadcrumb\":{\"@id\":\"https:\\\/\\\/www.pdr-team.ch\\\/fr\\\/wap\\\/#breadcrumb\"},\"inLanguage\":\"fr-FR\",\"potentialAction\":[{\"@type\":\"ReadAction\",\"target\":[\"https:\\\/\\\/www.pdr-team.ch\\\/fr\\\/wap\\\/\"]}]},{\"@type\":\"BreadcrumbList\",\"@id\":\"https:\\\/\\\/www.pdr-team.ch\\\/fr\\\/wap\\\/#breadcrumb\",\"itemListElement\":[{\"@type\":\"ListItem\",\"position\":1,\"name\":\"Startseite\",\"item\":\"https:\\\/\\\/www.pdr-team.ch\\\/fr\\\/\"},{\"@type\":\"ListItem\",\"position\":2,\"name\":\"WAP\"}]},{\"@type\":\"WebSite\",\"@id\":\"https:\\\/\\\/pdr-team.ch\\\/#website\",\"url\":\"https:\\\/\\\/pdr-team.ch\\\/\",\"name\":\"PDR-Team GmbH\",\"description\":\"\",\"publisher\":{\"@id\":\"https:\\\/\\\/pdr-team.ch\\\/#organization\"},\"alternateName\":\"Hagelschadenservice\",\"potentialAction\":[{\"@type\":\"SearchAction\",\"target\":{\"@type\":\"EntryPoint\",\"urlTemplate\":\"https:\\\/\\\/pdr-team.ch\\\/?s={search_term_string}\"},\"query-input\":{\"@type\":\"PropertyValueSpecification\",\"valueRequired\":true,\"valueName\":\"search_term_string\"}}],\"inLanguage\":\"fr-FR\"},{\"@type\":\"Organization\",\"@id\":\"https:\\\/\\\/pdr-team.ch\\\/#organization\",\"name\":\"PDR-Team GmbH\",\"alternateName\":\"PDR-Team GmbH, Tuggen\",\"url\":\"https:\\\/\\\/pdr-team.ch\\\/\",\"logo\":{\"@type\":\"ImageObject\",\"inLanguage\":\"fr-FR\",\"@id\":\"https:\\\/\\\/pdr-team.ch\\\/#\\\/schema\\\/logo\\\/image\\\/\",\"url\":\"https:\\\/\\\/pdr-team.ch\\\/wp-content\\\/uploads\\\/2023\\\/04\\\/PDRTeamLogoSmall.png\",\"contentUrl\":\"https:\\\/\\\/pdr-team.ch\\\/wp-content\\\/uploads\\\/2023\\\/04\\\/PDRTeamLogoSmall.png\",\"width\":311,\"height\":86,\"caption\":\"PDR-Team GmbH\"},\"image\":{\"@id\":\"https:\\\/\\\/pdr-team.ch\\\/#\\\/schema\\\/logo\\\/image\\\/\"},\"sameAs\":[\"https:\\\/\\\/www.facebook.com\\\/PDRTeamGmbH\\\/\",\"https:\\\/\\\/www.instagram.com\\\/pdr_team_de\\\/\"]}]}<\/script>\n<!-- \/ Yoast SEO plugin. -->","yoast_head_json":{"title":"WAP - PDR-Team Schweiz","description":"Notre logiciel WAP sp\u00e9cialement d\u00e9velopp\u00e9 et les interfaces int\u00e9gr\u00e9es assurent un \u00e9change de donn\u00e9es fluide.","robots":{"index":"index","follow":"follow","max-snippet":"max-snippet:-1","max-image-preview":"max-image-preview:large","max-video-preview":"max-video-preview:-1"},"canonical":"https:\/\/www.pdr-team.ch\/fr\/wap\/","og_locale":"fr_FR","og_type":"article","og_title":"WAP - PDR-Team Schweiz","og_description":"Notre logiciel WAP sp\u00e9cialement d\u00e9velopp\u00e9 et les interfaces int\u00e9gr\u00e9es assurent un \u00e9change de donn\u00e9es fluide.","og_site_name":"PDR-Team Schweiz","article_publisher":"https:\/\/www.facebook.com\/PDRTeamGmbH\/","article_modified_time":"2024-03-01T10:18:05+00:00","og_image":[{"width":1200,"height":675,"url":"https:\/\/www.pdr-team.ch\/wp-content\/uploads\/2023\/05\/webdesign-pdr-team.webp","type":"image\/webp"}],"twitter_card":"summary_large_image","twitter_misc":{"Dur\u00e9e de lecture estim\u00e9e":"8 minutes"},"schema":{"@context":"https:\/\/schema.org","@graph":[{"@type":"WebPage","@id":"https:\/\/www.pdr-team.ch\/fr\/wap\/","url":"https:\/\/www.pdr-team.ch\/fr\/wap\/","name":"WAP - PDR-Team Schweiz","isPartOf":{"@id":"https:\/\/pdr-team.ch\/#website"},"datePublished":"2023-04-27T04:25:31+00:00","dateModified":"2024-03-01T10:18:05+00:00","description":"Notre logiciel WAP sp\u00e9cialement d\u00e9velopp\u00e9 et les interfaces int\u00e9gr\u00e9es assurent un \u00e9change de donn\u00e9es fluide.","breadcrumb":{"@id":"https:\/\/www.pdr-team.ch\/fr\/wap\/#breadcrumb"},"inLanguage":"fr-FR","potentialAction":[{"@type":"ReadAction","target":["https:\/\/www.pdr-team.ch\/fr\/wap\/"]}]},{"@type":"BreadcrumbList","@id":"https:\/\/www.pdr-team.ch\/fr\/wap\/#breadcrumb","itemListElement":[{"@type":"ListItem","position":1,"name":"Startseite","item":"https:\/\/www.pdr-team.ch\/fr\/"},{"@type":"ListItem","position":2,"name":"WAP"}]},{"@type":"WebSite","@id":"https:\/\/pdr-team.ch\/#website","url":"https:\/\/pdr-team.ch\/","name":"PDR-Team GmbH","description":"","publisher":{"@id":"https:\/\/pdr-team.ch\/#organization"},"alternateName":"Hagelschadenservice","potentialAction":[{"@type":"SearchAction","target":{"@type":"EntryPoint","urlTemplate":"https:\/\/pdr-team.ch\/?s={search_term_string}"},"query-input":{"@type":"PropertyValueSpecification","valueRequired":true,"valueName":"search_term_string"}}],"inLanguage":"fr-FR"},{"@type":"Organization","@id":"https:\/\/pdr-team.ch\/#organization","name":"PDR-Team GmbH","alternateName":"PDR-Team GmbH, Tuggen","url":"https:\/\/pdr-team.ch\/","logo":{"@type":"ImageObject","inLanguage":"fr-FR","@id":"https:\/\/pdr-team.ch\/#\/schema\/logo\/image\/","url":"https:\/\/pdr-team.ch\/wp-content\/uploads\/2023\/04\/PDRTeamLogoSmall.png","contentUrl":"https:\/\/pdr-team.ch\/wp-content\/uploads\/2023\/04\/PDRTeamLogoSmall.png","width":311,"height":86,"caption":"PDR-Team GmbH"},"image":{"@id":"https:\/\/pdr-team.ch\/#\/schema\/logo\/image\/"},"sameAs":["https:\/\/www.facebook.com\/PDRTeamGmbH\/","https:\/\/www.instagram.com\/pdr_team_de\/"]}]}},"_links":{"self":[{"href":"https:\/\/www.pdr-team.ch\/fr\/wp-json\/wp\/v2\/pages\/8120","targetHints":{"allow":["GET"]}}],"collection":[{"href":"https:\/\/www.pdr-team.ch\/fr\/wp-json\/wp\/v2\/pages"}],"about":[{"href":"https:\/\/www.pdr-team.ch\/fr\/wp-json\/wp\/v2\/types\/page"}],"author":[{"embeddable":true,"href":"https:\/\/www.pdr-team.ch\/fr\/wp-json\/wp\/v2\/users\/2"}],"replies":[{"embeddable":true,"href":"https:\/\/www.pdr-team.ch\/fr\/wp-json\/wp\/v2\/comments?post=8120"}],"version-history":[{"count":0,"href":"https:\/\/www.pdr-team.ch\/fr\/wp-json\/wp\/v2\/pages\/8120\/revisions"}],"wp:attachment":[{"href":"https:\/\/www.pdr-team.ch\/fr\/wp-json\/wp\/v2\/media?parent=8120"}],"curies":[{"name":"wp","href":"https:\/\/api.w.org\/{rel}","templated":true}]}}