
{"id":8094,"date":"2023-04-27T06:25:13","date_gmt":"2023-04-27T04:25:13","guid":{"rendered":"https:\/\/pdr-team.ch\/points-dappui-contre-la-grele\/"},"modified":"2024-03-05T16:13:29","modified_gmt":"2024-03-05T14:13:29","slug":"points-dappui-contre-la-grele","status":"publish","type":"page","link":"https:\/\/www.pdr-team.ch\/fr\/points-dappui-contre-la-grele\/","title":{"rendered":"Points d&rsquo;appui contre la gr\u00eale"},"content":{"rendered":"<p>[et_pb_section fb_built=\u00a0\u00bb1&Prime; admin_label=\u00a0\u00bbIntro\u00a0\u00bb _builder_version=\u00a0\u00bb4.17.3&Prime; _module_preset=\u00a0\u00bbdefault\u00a0\u00bb background_image=\u00a0\u00bbhttps:\/\/www.pdr-team.de\/wp-content\/uploads\/2023\/05\/PDR-Team.png\u00a0\u00bb background_position=\u00a0\u00bbtop_center\u00a0\u00bb width=\u00a0\u00bb100%\u00a0\u00bb min_height=\u00a0\u00bb650px\u00a0\u00bb min_height_tablet=\u00a0\u00bb300px\u00a0\u00bb min_height_phone=\u00a0\u00bb250px\u00a0\u00bb min_height_last_edited=\u00a0\u00bbon|phone\u00a0\u00bb da_disable_devices=\u00a0\u00bboff|off|off\u00a0\u00bb locked=\u00a0\u00bboff\u00a0\u00bb collapsed=\u00a0\u00bbon\u00a0\u00bb global_colors_info=\u00a0\u00bb{}\u00a0\u00bb da_is_popup=\u00a0\u00bboff\u00a0\u00bb da_exit_intent=\u00a0\u00bboff\u00a0\u00bb da_has_close=\u00a0\u00bbon\u00a0\u00bb da_alt_close=\u00a0\u00bboff\u00a0\u00bb da_dark_close=\u00a0\u00bboff\u00a0\u00bb da_not_modal=\u00a0\u00bbon\u00a0\u00bb da_is_singular=\u00a0\u00bboff\u00a0\u00bb da_with_loader=\u00a0\u00bboff\u00a0\u00bb da_has_shadow=\u00a0\u00bbon\u00a0\u00bb][\/et_pb_section][et_pb_section fb_built=\u00a0\u00bb1&Prime; custom_padding_last_edited=\u00a0\u00bbon|phone\u00a0\u00bb admin_label=\u00a0\u00bbSektion \u2013 Hagel-Drive-In\u00a0\u00bb _builder_version=\u00a0\u00bb4.17.3&Prime; _module_preset=\u00a0\u00bbdefault\u00a0\u00bb background_color=\u00a0\u00bb#FFFFFF\u00a0\u00bb custom_padding=\u00a0\u00bb70px||70px||true|false\u00a0\u00bb custom_padding_tablet=\u00a0\u00bb70px||70px||true|false\u00a0\u00bb custom_padding_phone=\u00a0\u00bb30px||0px||false|false\u00a0\u00bb da_disable_devices=\u00a0\u00bboff|off|off\u00a0\u00bb locked=\u00a0\u00bboff\u00a0\u00bb collapsed=\u00a0\u00bboff\u00a0\u00bb global_colors_info=\u00a0\u00bb{}\u00a0\u00bb da_is_popup=\u00a0\u00bboff\u00a0\u00bb da_exit_intent=\u00a0\u00bboff\u00a0\u00bb da_has_close=\u00a0\u00bbon\u00a0\u00bb da_alt_close=\u00a0\u00bboff\u00a0\u00bb da_dark_close=\u00a0\u00bboff\u00a0\u00bb da_not_modal=\u00a0\u00bbon\u00a0\u00bb da_is_singular=\u00a0\u00bboff\u00a0\u00bb da_with_loader=\u00a0\u00bboff\u00a0\u00bb da_has_shadow=\u00a0\u00bbon\u00a0\u00bb][et_pb_row admin_label=\u00a0\u00bbTexte d&rsquo;introduction\u00a0\u00bb _builder_version=\u00a0\u00bb4.17.3&Prime; _module_preset=\u00a0\u00bbdefault\u00a0\u00bb custom_padding=\u00a0\u00bb||20px||false|false\u00a0\u00bb global_colors_info=\u00a0\u00bb{}\u00a0\u00bb][et_pb_column type=\u00a0\u00bb4_4&Prime; _builder_version=\u00a0\u00bb4.17.3&Prime; _module_preset=\u00a0\u00bbdefault\u00a0\u00bb global_colors_info=\u00a0\u00bb{}\u00a0\u00bb][et_pb_text admin_label=\u00a0\u00bbHeadlines\u00a0\u00bb module_class=\u00a0\u00bbheadlines\u00a0\u00bb _builder_version=\u00a0\u00bb4.17.3&Prime; _module_preset=\u00a0\u00bbdefault\u00a0\u00bb header_font=\u00a0\u00bb|700||on|||||\u00a0\u00bb header_text_color=\u00a0\u00bb#19559F\u00a0\u00bb header_font_size=\u00a0\u00bb44px\u00a0\u00bb header_line_height=\u00a0\u00bb44px\u00a0\u00bb header_2_font_size=\u00a0\u00bb34px\u00a0\u00bb header_2_line_height=\u00a0\u00bb40px\u00a0\u00bb header_3_text_color=\u00a0\u00bb#131313&Prime; custom_margin=\u00a0\u00bb||20px||false|false\u00a0\u00bb custom_padding=\u00a0\u00bb||0px||false|false\u00a0\u00bb locked=\u00a0\u00bboff\u00a0\u00bb global_colors_info=\u00a0\u00bb{}\u00a0\u00bb]<\/p>\n<h1>Mobile pour vous sur place<\/h1>\n<h2>Nous sommes l\u00e0, o\u00f9 l&rsquo;aide est n\u00e9cessaire<\/h2>\n<p>[\/et_pb_text][et_pb_text admin_label=\u00a0\u00bbInfotext\u00a0\u00bb _builder_version=\u00a0\u00bb4.17.3&Prime; _module_preset=\u00a0\u00bbdefault\u00a0\u00bb text_text_color=\u00a0\u00bb#131313&Prime; text_font_size=\u00a0\u00bb18px\u00a0\u00bb text_line_height=\u00a0\u00bb25px\u00a0\u00bb header_font=\u00a0\u00bb|700||on|||||\u00a0\u00bb header_text_color=\u00a0\u00bb#131313&Prime; header_font_size=\u00a0\u00bb44px\u00a0\u00bb header_3_text_color=\u00a0\u00bb#131313&Prime; max_width=\u00a0\u00bb950px\u00a0\u00bb locked=\u00a0\u00bboff\u00a0\u00bb global_colors_info=\u00a0\u00bb{}\u00a0\u00bb]<\/p>\n<p>Nous ne restons pas inactifs en attendant que vous veniez nous voir pour votre dommage de gr\u00eale. Pour les \u00e9v\u00e9nements de gr\u00eale plus importants, nous mettons en place des centres de r\u00e9paration mobiles &#8211; nos points d&rsquo;appui gr\u00eale. Nous pouvons ainsi apporter notre aide directement sur place, l\u00e0 o\u00f9 elle est n\u00e9cessaire.<\/p>\n<p>[\/et_pb_text][\/et_pb_column][\/et_pb_row][\/et_pb_section][et_pb_section fb_built=\u00a0\u00bb1&Prime; disabled_on=\u00a0\u00bboff|off|off\u00a0\u00bb admin_label=\u00a0\u00bbHagelschaden-St\u00fctzpunkte\u00a0\u00bb _builder_version=\u00a0\u00bb4.17.3&Prime; _module_preset=\u00a0\u00bbdefault\u00a0\u00bb custom_padding=\u00a0\u00bb0px||||false|false\u00a0\u00bb da_disable_devices=\u00a0\u00bboff|off|off\u00a0\u00bb collapsed=\u00a0\u00bboff\u00a0\u00bb global_colors_info=\u00a0\u00bb{}\u00a0\u00bb da_is_popup=\u00a0\u00bboff\u00a0\u00bb da_exit_intent=\u00a0\u00bboff\u00a0\u00bb da_has_close=\u00a0\u00bbon\u00a0\u00bb da_alt_close=\u00a0\u00bboff\u00a0\u00bb da_dark_close=\u00a0\u00bboff\u00a0\u00bb da_not_modal=\u00a0\u00bbon\u00a0\u00bb da_is_singular=\u00a0\u00bboff\u00a0\u00bb da_with_loader=\u00a0\u00bboff\u00a0\u00bb da_has_shadow=\u00a0\u00bbon\u00a0\u00bb][et_pb_row _builder_version=\u00a0\u00bb4.17.3&Prime; _module_preset=\u00a0\u00bbdefault\u00a0\u00bb width=\u00a0\u00bb90%\u00a0\u00bb global_colors_info=\u00a0\u00bb{}\u00a0\u00bb][et_pb_column type=\u00a0\u00bb4_4&Prime; _builder_version=\u00a0\u00bb4.17.3&Prime; _module_preset=\u00a0\u00bbdefault\u00a0\u00bb global_colors_info=\u00a0\u00bb{}\u00a0\u00bb][et_pb_de_mach_archive_loop post_type_choose=\u00a0\u00bboff|off|off|off|off|off|off|on\u00a0\u00bb loop_layout=\u00a0\u00bb8320&Prime; posts_number=\u00a0\u00bb-1&Prime; order_asc_desc=\u00a0\u00bbDESC\u00a0\u00bb equal_height=\u00a0\u00bbon\u00a0\u00bb columns=\u00a0\u00bb2&Prime; _builder_version=\u00a0\u00bb4.17.3&Prime; _module_preset=\u00a0\u00bbdefault\u00a0\u00bb width=\u00a0\u00bb100%\u00a0\u00bb max_width=\u00a0\u00bb100%\u00a0\u00bb custom_margin=\u00a0\u00bb||||false|false\u00a0\u00bb custom_padding=\u00a0\u00bb||30px||false|false\u00a0\u00bb custom_padding_tablet=\u00a0\u00bb||30px||false|false\u00a0\u00bb custom_padding_phone=\u00a0\u00bb||30px||false|false\u00a0\u00bb custom_padding_last_edited=\u00a0\u00bbon|phone\u00a0\u00bb hover_enabled=\u00a0\u00bb0&Prime; global_colors_info=\u00a0\u00bb{}\u00a0\u00bb sticky_enabled=\u00a0\u00bb0&Prime;][\/et_pb_de_mach_archive_loop][et_pb_code raw_content_tablet=\u00a0\u00bb<iframe src=%22https:\/\/www.google.com\/maps\/d\/u\/0\/embed?mid=10-CtwP1tv4NGKzLBan-EIq75eIk4DtQ&#038;ehbc=2E312F%22 width=%22100%%22 height=%22480%22><\/iframe>\u00a0\u00bb raw_content_phone=\u00a0\u00bb<iframe src=%22https:\/\/www.google.com\/maps\/d\/u\/0\/embed?mid=10-CtwP1tv4NGKzLBan-EIq75eIk4DtQ&#038;ehbc=2E312F%22 width=%22100%%22 height=%22400%22><\/iframe>\u00a0\u00bb raw_content_last_edited=\u00a0\u00bbon|phone\u00a0\u00bb disabled_on=\u00a0\u00bbon|on|on\u00a0\u00bb admin_label=\u00a0\u00bbCode \u2013 Google my maps\u00a0\u00bb _builder_version=\u00a0\u00bb4.17.3&Prime; _module_preset=\u00a0\u00bbdefault\u00a0\u00bb width=\u00a0\u00bb100%\u00a0\u00bb custom_margin=\u00a0\u00bb50px||||false|false\u00a0\u00bb disabled=\u00a0\u00bbon\u00a0\u00bb global_colors_info=\u00a0\u00bb{}\u00a0\u00bb]<iframe src=\"https:\/\/www.google.com\/maps\/d\/u\/0\/embed?mid=10-CtwP1tv4NGKzLBan-EIq75eIk4DtQ&#038;ehbc=2E312F\" width=\"100%\" height=\"600\"><\/iframe>[\/et_pb_code][\/et_pb_column][\/et_pb_row][\/et_pb_section]<\/p>\n","protected":false},"excerpt":{"rendered":"<p>Mobile pour vous sur place Nous sommes l\u00e0, o\u00f9 l&rsquo;aide est n\u00e9cessaireNous ne restons pas inactifs en attendant que vous veniez nous voir pour votre dommage de gr\u00eale. Pour les \u00e9v\u00e9nements de gr\u00eale plus importants, nous mettons en place des centres de r\u00e9paration mobiles &#8211; nos points d&rsquo;appui gr\u00eale. Nous pouvons ainsi apporter notre aide [&hellip;]<\/p>\n","protected":false},"author":2,"featured_media":0,"parent":0,"menu_order":0,"comment_status":"closed","ping_status":"closed","template":"","meta":{"_acf_changed":false,"_et_pb_use_builder":"on","_et_pb_old_content":"","_et_gb_content_width":"","footnotes":""},"class_list":["post-8094","page","type-page","status-publish","hentry"],"acf":[],"yoast_head":"<!-- This site is optimized with the Yoast SEO plugin v27.5 - https:\/\/yoast.com\/product\/yoast-seo-wordpress\/ -->\n<title>Points d&#039;appui contre la gr\u00eale - PDR-Team Schweiz<\/title>\n<meta name=\"description\" content=\"Pour les \u00e9v\u00e9nements de gr\u00eale plus importants, nous mettons en place des centres de r\u00e9paration mobiles pour le traitement de votre sinistre - nos bases gr\u00eale.\" \/>\n<meta name=\"robots\" content=\"index, follow, max-snippet:-1, max-image-preview:large, max-video-preview:-1\" \/>\n<link rel=\"canonical\" href=\"https:\/\/www.pdr-team.ch\/hagelstuetzpunkte\/\" \/>\n<meta property=\"og:locale\" content=\"fr_FR\" \/>\n<meta property=\"og:type\" content=\"article\" \/>\n<meta property=\"og:title\" content=\"Points d&#039;appui contre la gr\u00eale - PDR-Team Schweiz\" \/>\n<meta property=\"og:description\" content=\"Pour les \u00e9v\u00e9nements de gr\u00eale plus importants, nous mettons en place des centres de r\u00e9paration mobiles pour le traitement de votre sinistre - nos bases gr\u00eale.\" \/>\n<meta property=\"og:site_name\" content=\"PDR-Team Schweiz\" \/>\n<meta property=\"article:publisher\" content=\"https:\/\/www.facebook.com\/PDRTeamGmbH\/\" \/>\n<meta property=\"article:modified_time\" content=\"2024-03-05T14:13:29+00:00\" \/>\n<meta property=\"og:image\" content=\"https:\/\/www.pdr-team.ch\/wp-content\/uploads\/2023\/05\/webdesign-pdr-team.webp\" \/>\n\t<meta property=\"og:image:width\" content=\"1200\" \/>\n\t<meta property=\"og:image:height\" content=\"675\" \/>\n\t<meta property=\"og:image:type\" content=\"image\/webp\" \/>\n<meta name=\"twitter:card\" content=\"summary_large_image\" \/>\n<meta name=\"twitter:label1\" content=\"Dur\u00e9e de lecture estim\u00e9e\" \/>\n\t<meta name=\"twitter:data1\" content=\"1 minute\" \/>\n<script type=\"application\/ld+json\" class=\"yoast-schema-graph\">{\"@context\":\"https:\\\/\\\/schema.org\",\"@graph\":[{\"@type\":\"WebPage\",\"@id\":\"https:\\\/\\\/www.pdr-team.ch\\\/hagelstuetzpunkte\\\/\",\"url\":\"https:\\\/\\\/www.pdr-team.ch\\\/hagelstuetzpunkte\\\/\",\"name\":\"Points d'appui contre la gr\u00eale - PDR-Team Schweiz\",\"isPartOf\":{\"@id\":\"https:\\\/\\\/pdr-team.ch\\\/#website\"},\"datePublished\":\"2023-04-27T04:25:13+00:00\",\"dateModified\":\"2024-03-05T14:13:29+00:00\",\"description\":\"Pour les \u00e9v\u00e9nements de gr\u00eale plus importants, nous mettons en place des centres de r\u00e9paration mobiles pour le traitement de votre sinistre - nos bases gr\u00eale.\",\"breadcrumb\":{\"@id\":\"https:\\\/\\\/www.pdr-team.ch\\\/hagelstuetzpunkte\\\/#breadcrumb\"},\"inLanguage\":\"fr-FR\",\"potentialAction\":[{\"@type\":\"ReadAction\",\"target\":[\"https:\\\/\\\/www.pdr-team.ch\\\/hagelstuetzpunkte\\\/\"]}]},{\"@type\":\"BreadcrumbList\",\"@id\":\"https:\\\/\\\/www.pdr-team.ch\\\/hagelstuetzpunkte\\\/#breadcrumb\",\"itemListElement\":[{\"@type\":\"ListItem\",\"position\":1,\"name\":\"Startseite\",\"item\":\"https:\\\/\\\/www.pdr-team.ch\\\/fr\\\/\"},{\"@type\":\"ListItem\",\"position\":2,\"name\":\"Points d&#8217;appui contre la gr\u00eale\"}]},{\"@type\":\"WebSite\",\"@id\":\"https:\\\/\\\/pdr-team.ch\\\/#website\",\"url\":\"https:\\\/\\\/pdr-team.ch\\\/\",\"name\":\"PDR-Team GmbH\",\"description\":\"\",\"publisher\":{\"@id\":\"https:\\\/\\\/pdr-team.ch\\\/#organization\"},\"alternateName\":\"Hagelschadenservice\",\"potentialAction\":[{\"@type\":\"SearchAction\",\"target\":{\"@type\":\"EntryPoint\",\"urlTemplate\":\"https:\\\/\\\/pdr-team.ch\\\/?s={search_term_string}\"},\"query-input\":{\"@type\":\"PropertyValueSpecification\",\"valueRequired\":true,\"valueName\":\"search_term_string\"}}],\"inLanguage\":\"fr-FR\"},{\"@type\":\"Organization\",\"@id\":\"https:\\\/\\\/pdr-team.ch\\\/#organization\",\"name\":\"PDR-Team GmbH\",\"alternateName\":\"PDR-Team GmbH, Tuggen\",\"url\":\"https:\\\/\\\/pdr-team.ch\\\/\",\"logo\":{\"@type\":\"ImageObject\",\"inLanguage\":\"fr-FR\",\"@id\":\"https:\\\/\\\/pdr-team.ch\\\/#\\\/schema\\\/logo\\\/image\\\/\",\"url\":\"https:\\\/\\\/pdr-team.ch\\\/wp-content\\\/uploads\\\/2023\\\/04\\\/PDRTeamLogoSmall.png\",\"contentUrl\":\"https:\\\/\\\/pdr-team.ch\\\/wp-content\\\/uploads\\\/2023\\\/04\\\/PDRTeamLogoSmall.png\",\"width\":311,\"height\":86,\"caption\":\"PDR-Team GmbH\"},\"image\":{\"@id\":\"https:\\\/\\\/pdr-team.ch\\\/#\\\/schema\\\/logo\\\/image\\\/\"},\"sameAs\":[\"https:\\\/\\\/www.facebook.com\\\/PDRTeamGmbH\\\/\",\"https:\\\/\\\/www.instagram.com\\\/pdr_team_de\\\/\"]}]}<\/script>\n<!-- \/ Yoast SEO plugin. -->","yoast_head_json":{"title":"Points d'appui contre la gr\u00eale - PDR-Team Schweiz","description":"Pour les \u00e9v\u00e9nements de gr\u00eale plus importants, nous mettons en place des centres de r\u00e9paration mobiles pour le traitement de votre sinistre - nos bases gr\u00eale.","robots":{"index":"index","follow":"follow","max-snippet":"max-snippet:-1","max-image-preview":"max-image-preview:large","max-video-preview":"max-video-preview:-1"},"canonical":"https:\/\/www.pdr-team.ch\/hagelstuetzpunkte\/","og_locale":"fr_FR","og_type":"article","og_title":"Points d'appui contre la gr\u00eale - PDR-Team Schweiz","og_description":"Pour les \u00e9v\u00e9nements de gr\u00eale plus importants, nous mettons en place des centres de r\u00e9paration mobiles pour le traitement de votre sinistre - nos bases gr\u00eale.","og_site_name":"PDR-Team Schweiz","article_publisher":"https:\/\/www.facebook.com\/PDRTeamGmbH\/","article_modified_time":"2024-03-05T14:13:29+00:00","og_image":[{"width":1200,"height":675,"url":"https:\/\/www.pdr-team.ch\/wp-content\/uploads\/2023\/05\/webdesign-pdr-team.webp","type":"image\/webp"}],"twitter_card":"summary_large_image","twitter_misc":{"Dur\u00e9e de lecture estim\u00e9e":"1 minute"},"schema":{"@context":"https:\/\/schema.org","@graph":[{"@type":"WebPage","@id":"https:\/\/www.pdr-team.ch\/hagelstuetzpunkte\/","url":"https:\/\/www.pdr-team.ch\/hagelstuetzpunkte\/","name":"Points d'appui contre la gr\u00eale - PDR-Team Schweiz","isPartOf":{"@id":"https:\/\/pdr-team.ch\/#website"},"datePublished":"2023-04-27T04:25:13+00:00","dateModified":"2024-03-05T14:13:29+00:00","description":"Pour les \u00e9v\u00e9nements de gr\u00eale plus importants, nous mettons en place des centres de r\u00e9paration mobiles pour le traitement de votre sinistre - nos bases gr\u00eale.","breadcrumb":{"@id":"https:\/\/www.pdr-team.ch\/hagelstuetzpunkte\/#breadcrumb"},"inLanguage":"fr-FR","potentialAction":[{"@type":"ReadAction","target":["https:\/\/www.pdr-team.ch\/hagelstuetzpunkte\/"]}]},{"@type":"BreadcrumbList","@id":"https:\/\/www.pdr-team.ch\/hagelstuetzpunkte\/#breadcrumb","itemListElement":[{"@type":"ListItem","position":1,"name":"Startseite","item":"https:\/\/www.pdr-team.ch\/fr\/"},{"@type":"ListItem","position":2,"name":"Points d&#8217;appui contre la gr\u00eale"}]},{"@type":"WebSite","@id":"https:\/\/pdr-team.ch\/#website","url":"https:\/\/pdr-team.ch\/","name":"PDR-Team GmbH","description":"","publisher":{"@id":"https:\/\/pdr-team.ch\/#organization"},"alternateName":"Hagelschadenservice","potentialAction":[{"@type":"SearchAction","target":{"@type":"EntryPoint","urlTemplate":"https:\/\/pdr-team.ch\/?s={search_term_string}"},"query-input":{"@type":"PropertyValueSpecification","valueRequired":true,"valueName":"search_term_string"}}],"inLanguage":"fr-FR"},{"@type":"Organization","@id":"https:\/\/pdr-team.ch\/#organization","name":"PDR-Team GmbH","alternateName":"PDR-Team GmbH, Tuggen","url":"https:\/\/pdr-team.ch\/","logo":{"@type":"ImageObject","inLanguage":"fr-FR","@id":"https:\/\/pdr-team.ch\/#\/schema\/logo\/image\/","url":"https:\/\/pdr-team.ch\/wp-content\/uploads\/2023\/04\/PDRTeamLogoSmall.png","contentUrl":"https:\/\/pdr-team.ch\/wp-content\/uploads\/2023\/04\/PDRTeamLogoSmall.png","width":311,"height":86,"caption":"PDR-Team GmbH"},"image":{"@id":"https:\/\/pdr-team.ch\/#\/schema\/logo\/image\/"},"sameAs":["https:\/\/www.facebook.com\/PDRTeamGmbH\/","https:\/\/www.instagram.com\/pdr_team_de\/"]}]}},"_links":{"self":[{"href":"https:\/\/www.pdr-team.ch\/fr\/wp-json\/wp\/v2\/pages\/8094","targetHints":{"allow":["GET"]}}],"collection":[{"href":"https:\/\/www.pdr-team.ch\/fr\/wp-json\/wp\/v2\/pages"}],"about":[{"href":"https:\/\/www.pdr-team.ch\/fr\/wp-json\/wp\/v2\/types\/page"}],"author":[{"embeddable":true,"href":"https:\/\/www.pdr-team.ch\/fr\/wp-json\/wp\/v2\/users\/2"}],"replies":[{"embeddable":true,"href":"https:\/\/www.pdr-team.ch\/fr\/wp-json\/wp\/v2\/comments?post=8094"}],"version-history":[{"count":0,"href":"https:\/\/www.pdr-team.ch\/fr\/wp-json\/wp\/v2\/pages\/8094\/revisions"}],"wp:attachment":[{"href":"https:\/\/www.pdr-team.ch\/fr\/wp-json\/wp\/v2\/media?parent=8094"}],"curies":[{"name":"wp","href":"https:\/\/api.w.org\/{rel}","templated":true}]}}