
{"id":8075,"date":"2023-04-19T09:23:08","date_gmt":"2023-04-19T07:23:08","guid":{"rendered":"https:\/\/pdr-team.ch\/contact\/"},"modified":"2024-03-05T16:32:19","modified_gmt":"2024-03-05T14:32:19","slug":"contact","status":"publish","type":"page","link":"https:\/\/www.pdr-team.ch\/fr\/contact\/","title":{"rendered":"Contact"},"content":{"rendered":"<p>[et_pb_section fb_built=\u00a0\u00bb1&Prime; admin_label=\u00a0\u00bbIntro\u00a0\u00bb _builder_version=\u00a0\u00bb4.17.3&Prime; _module_preset=\u00a0\u00bbdefault\u00a0\u00bb background_image=\u00a0\u00bbhttps:\/\/www.pdr-team.de\/wp-content\/uploads\/2023\/05\/kontakt-intro.webp\u00a0\u00bb width=\u00a0\u00bb100%\u00a0\u00bb min_height=\u00a0\u00bb650px\u00a0\u00bb min_height_tablet=\u00a0\u00bb300px\u00a0\u00bb min_height_phone=\u00a0\u00bb250px\u00a0\u00bb min_height_last_edited=\u00a0\u00bbon|phone\u00a0\u00bb da_disable_devices=\u00a0\u00bboff|off|off\u00a0\u00bb locked=\u00a0\u00bboff\u00a0\u00bb collapsed=\u00a0\u00bboff\u00a0\u00bb global_colors_info=\u00a0\u00bb{}\u00a0\u00bb da_is_popup=\u00a0\u00bboff\u00a0\u00bb da_exit_intent=\u00a0\u00bboff\u00a0\u00bb da_has_close=\u00a0\u00bbon\u00a0\u00bb da_alt_close=\u00a0\u00bboff\u00a0\u00bb da_dark_close=\u00a0\u00bboff\u00a0\u00bb da_not_modal=\u00a0\u00bbon\u00a0\u00bb da_is_singular=\u00a0\u00bboff\u00a0\u00bb da_with_loader=\u00a0\u00bboff\u00a0\u00bb da_has_shadow=\u00a0\u00bbon\u00a0\u00bb][\/et_pb_section][et_pb_section fb_built=\u00a0\u00bb1&Prime; custom_padding_last_edited=\u00a0\u00bbon|phone\u00a0\u00bb admin_label=\u00a0\u00bbKontaktformular\u00a0\u00bb module_id=\u00a0\u00bbsection_kontaktformular\u00a0\u00bb _builder_version=\u00a0\u00bb4.17.3&Prime; _module_preset=\u00a0\u00bbdefault\u00a0\u00bb custom_padding=\u00a0\u00bb||70px||false|false\u00a0\u00bb custom_padding_tablet=\u00a0\u00bb30px||50px||false|false\u00a0\u00bb custom_padding_phone=\u00a0\u00bb30px||0px||false|false\u00a0\u00bb hover_enabled=\u00a0\u00bb0&Prime; da_disable_devices=\u00a0\u00bboff|off|off\u00a0\u00bb locked=\u00a0\u00bboff\u00a0\u00bb global_colors_info=\u00a0\u00bb{}\u00a0\u00bb sticky_enabled=\u00a0\u00bb0&Prime; da_is_popup=\u00a0\u00bboff\u00a0\u00bb da_exit_intent=\u00a0\u00bboff\u00a0\u00bb da_has_close=\u00a0\u00bbon\u00a0\u00bb da_alt_close=\u00a0\u00bboff\u00a0\u00bb da_dark_close=\u00a0\u00bboff\u00a0\u00bb da_not_modal=\u00a0\u00bbon\u00a0\u00bb da_is_singular=\u00a0\u00bboff\u00a0\u00bb da_with_loader=\u00a0\u00bboff\u00a0\u00bb da_has_shadow=\u00a0\u00bbon\u00a0\u00bb][et_pb_row _builder_version=\u00a0\u00bb4.17.3&Prime; _module_preset=\u00a0\u00bbdefault\u00a0\u00bb custom_margin=\u00a0\u00bb||30px||false|false\u00a0\u00bb custom_margin_tablet=\u00a0\u00bb||30px||false|false\u00a0\u00bb custom_margin_phone=\u00a0\u00bb||0px||false|false\u00a0\u00bb custom_margin_last_edited=\u00a0\u00bbon|phone\u00a0\u00bb global_colors_info=\u00a0\u00bb{}\u00a0\u00bb][et_pb_column type=\u00a0\u00bb4_4&Prime; _builder_version=\u00a0\u00bb4.17.3&Prime; _module_preset=\u00a0\u00bbdefault\u00a0\u00bb global_colors_info=\u00a0\u00bb{}\u00a0\u00bb][et_pb_text admin_label=\u00a0\u00bbHeadlines\u00a0\u00bb module_class=\u00a0\u00bbheadlines\u00a0\u00bb _builder_version=\u00a0\u00bb4.17.3&Prime; _module_preset=\u00a0\u00bbdefault\u00a0\u00bb header_font=\u00a0\u00bb|700||on|||||\u00a0\u00bb header_text_color=\u00a0\u00bb#19559F\u00a0\u00bb header_font_size=\u00a0\u00bb44px\u00a0\u00bb header_line_height=\u00a0\u00bb44px\u00a0\u00bb header_2_text_color=\u00a0\u00bb#131313&Prime; header_2_font_size=\u00a0\u00bb34px\u00a0\u00bb header_2_line_height=\u00a0\u00bb40px\u00a0\u00bb header_3_text_color=\u00a0\u00bb#131313&Prime; custom_margin=\u00a0\u00bb||50px||false|false\u00a0\u00bb custom_padding=\u00a0\u00bb||0px||false|false\u00a0\u00bb locked=\u00a0\u00bboff\u00a0\u00bb global_colors_info=\u00a0\u00bb{}\u00a0\u00bb]<\/p>\n<h1>formulaire de contact<\/h1>\n<h2>Contactez-nous rapidement et facilement<\/h2>\n<p>[\/et_pb_text][et_pb_code _builder_version=\u00a0\u00bb4.17.3&Prime; _module_preset=\u00a0\u00bbdefault\u00a0\u00bb hover_enabled=\u00a0\u00bb0&Prime; global_colors_info=\u00a0\u00bb{}\u00a0\u00bb sticky_enabled=\u00a0\u00bb0&Prime;]\n<div class=\"wpcf7 no-js\" id=\"wpcf7-f8332-o1\" lang=\"fr-FR\" dir=\"ltr\" data-wpcf7-id=\"8332\">\n<div class=\"screen-reader-response\"><p role=\"status\" aria-live=\"polite\" aria-atomic=\"true\"><\/p> <ul><\/ul><\/div>\n<form action=\"\/fr\/wp-json\/wp\/v2\/pages\/8075#wpcf7-f8332-o1\" method=\"post\" class=\"wpcf7-form init\" aria-label=\"Formulaire de contact\" novalidate=\"novalidate\" data-status=\"init\">\n<fieldset class=\"hidden-fields-container\"><input type=\"hidden\" name=\"_wpcf7\" value=\"8332\" \/><input type=\"hidden\" name=\"_wpcf7_version\" value=\"6.1.5\" \/><input type=\"hidden\" name=\"_wpcf7_locale\" value=\"fr_FR\" \/><input type=\"hidden\" name=\"_wpcf7_unit_tag\" value=\"wpcf7-f8332-o1\" \/><input type=\"hidden\" name=\"_wpcf7_container_post\" value=\"0\" \/><input type=\"hidden\" name=\"_wpcf7_posted_data_hash\" value=\"\" \/>\n<\/fieldset>\n<div class=\"person\">\n\t<div class=\"field-group anrede\" style=\"width:30%;\">\n\t\t<p><label>Titre<\/label><span class=\"wpcf7-form-control-wrap\" data-name=\"anrede\"><select class=\"wpcf7-form-control wpcf7-select dropdown\" id=\"anrede\" aria-invalid=\"false\" name=\"anrede\"><option value=\"\">&#8212;Veuillez choisir une option&#8212;<\/option><option value=\"Herr\">Herr<\/option><option value=\"Frau\">Frau<\/option><option value=\"\u2013\">\u2013<\/option><\/select><\/span>\n\t\t<\/p>\n\t<\/div>\n\t<div class=\"field-group\">\n\t\t<p><label>Pr\u00e9nom (obligatoire)<\/label><span class=\"wpcf7-form-control-wrap\" data-name=\"vorname\"><input size=\"40\" maxlength=\"400\" class=\"wpcf7-form-control wpcf7-text wpcf7-validates-as-required\" aria-required=\"true\" aria-invalid=\"false\" value=\"\" type=\"text\" name=\"vorname\" \/><\/span>\n\t\t<\/p>\n\t<\/div>\n\t<div class=\"field-group\">\n\t\t<p><label>Nom de famille (obligatoire)<\/label><span class=\"wpcf7-form-control-wrap\" data-name=\"nachname\"><input size=\"40\" maxlength=\"400\" class=\"wpcf7-form-control wpcf7-text wpcf7-validates-as-required\" aria-required=\"true\" aria-invalid=\"false\" value=\"\" type=\"text\" name=\"nachname\" \/><\/span>\n\t\t<\/p>\n\t<\/div>\n<\/div>\n<div class=\"kontakt\">\n\t<div class=\"field-group\">\n\t\t<p><label>E-mail (obligatoire)<\/label><span class=\"wpcf7-form-control-wrap\" data-name=\"email\"><input size=\"40\" maxlength=\"400\" class=\"wpcf7-form-control wpcf7-email wpcf7-validates-as-required wpcf7-text wpcf7-validates-as-email\" aria-required=\"true\" aria-invalid=\"false\" value=\"\" type=\"email\" name=\"email\" \/><\/span>\n\t\t<\/p>\n\t<\/div>\n\t<div class=\"field-group\">\n\t\t<p><label>T\u00e9l\u00e9phone <\/label><span class=\"wpcf7-form-control-wrap\" data-name=\"telefon\"><input size=\"40\" maxlength=\"400\" class=\"wpcf7-form-control wpcf7-tel wpcf7-text wpcf7-validates-as-tel\" aria-invalid=\"false\" value=\"\" type=\"tel\" name=\"telefon\" \/><\/span>\n\t\t<\/p>\n\t<\/div>\n<\/div>\n<div class=\"betreff\">\n\t<div class=\"field-group\">\n\t\t<p><label>Objet (obligatoire)<\/label><span class=\"wpcf7-form-control-wrap\" data-name=\"betreff\"><select class=\"wpcf7-form-control wpcf7-select wpcf7-validates-as-required dropdown\" id=\"betreff\" aria-required=\"true\" aria-invalid=\"false\" name=\"betreff\"><option value=\"\">&#8212;Veuillez choisir une option&#8212;<\/option><option value=\"Kontaktanfrage\">Kontaktanfrage<\/option><option value=\"R\u00fcckrufbitte\">R\u00fcckrufbitte<\/option><option value=\"Sonstiges\">Sonstiges<\/option><\/select><\/span>\n\t\t<\/p>\n\t<\/div>\n\t<div class=\"nachricht\">\n\t\t<div class=\"field-group\">\n\t\t\t<p><label>Votre message (obligatoire)<\/label><span class=\"wpcf7-form-control-wrap\" data-name=\"nachricht\"><textarea cols=\"40\" rows=\"10\" maxlength=\"2000\" class=\"wpcf7-form-control wpcf7-textarea wpcf7-validates-as-required\" aria-required=\"true\" aria-invalid=\"false\" name=\"nachricht\"><\/textarea><\/span>\n\t\t\t<\/p>\n\t\t<\/div>\n\t<\/div>\n\t<div class=\"dsgvo\">\n\t\t<div class=\"field-group\">\n\t\t\t<p><span class=\"wpcf7-form-control-wrap\" data-name=\"dsgvo\"><span class=\"wpcf7-form-control wpcf7-acceptance\"><span class=\"wpcf7-list-item\"><label><input type=\"checkbox\" name=\"dsgvo\" value=\"1\" aria-invalid=\"false\" \/><span class=\"wpcf7-list-item-label\">Par la pr\u00e9sente, j'accepte la politique de confidentialit\u00e9 <a href=\"https:\/\/www.pdr-team.de\/datenschutz\/\">confidentialit\u00e9 <\/a>de l'\u00e9quipe PDR.<\/span><\/label><\/span><\/span><\/span>\n\t\t\t<\/p>\n\t\t<\/div>\n\t<\/div>\n\t<p><span class=\"wpcf7-form-control-wrap\" data-name=\"hcap-cf7\">\t\t<input\n\t\t\t\ttype=\"hidden\"\n\t\t\t\tclass=\"hcaptcha-widget-id\"\n\t\t\t\tname=\"hcaptcha-widget-id\"\n\t\t\t\tvalue=\"eyJzb3VyY2UiOlsiY29udGFjdC1mb3JtLTdcL3dwLWNvbnRhY3QtZm9ybS03LnBocCJdLCJmb3JtX2lkIjoxMH0=-54b4e220e5b0b2b6f0b471fa1f81d46c\">\n\t\t\t\t<span id=\"hcap_cf7-69f474f3146b20.21812953\" class=\"wpcf7-form-control h-captcha \"\n\t\t\tdata-sitekey=\"c7dc0ac0-7202-428c-923d-04b47adadbb8\"\n\t\t\tdata-theme=\"light\"\n\t\t\tdata-size=\"normal\"\n\t\t\tdata-auto=\"false\"\n\t\t\tdata-ajax=\"false\"\n\t\t\tdata-force=\"false\">\n\t\t<\/span>\n\t\t<input type=\"hidden\" id=\"_wpnonce\" name=\"_wpnonce\" value=\"ec9e861baa\" \/><input type=\"hidden\" name=\"_wp_http_referer\" value=\"\/fr\/wp-json\/wp\/v2\/pages\/8075\" \/><\/span><input class=\"wpcf7-form-control wpcf7-submit has-spinner\" type=\"submit\" value=\"Anfrage abschicken\" \/>\n\t<\/p>\n<\/div><div class=\"wpcf7-response-output\" aria-hidden=\"true\"><\/div>\n<\/form>\n<\/div>\n[\/et_pb_code][\/et_pb_column][\/et_pb_row][et_pb_row admin_label=\u00a0\u00bbEntreprise\u00a0\u00bb _builder_version=\u00a0\u00bb4.17.3&Prime; _module_preset=\u00a0\u00bbdefault\u00a0\u00bb locked=\u00a0\u00bboff\u00a0\u00bb global_colors_info=\u00a0\u00bb{}\u00a0\u00bb][et_pb_column type=\u00a0\u00bb4_4&Prime; _builder_version=\u00a0\u00bb4.17.3&Prime; _module_preset=\u00a0\u00bbdefault\u00a0\u00bb global_colors_info=\u00a0\u00bb{}\u00a0\u00bb][et_pb_text admin_label=\u00a0\u00bbHeadlines\u00a0\u00bb module_class=\u00a0\u00bbheadlines\u00a0\u00bb _builder_version=\u00a0\u00bb4.17.3&Prime; _module_preset=\u00a0\u00bbdefault\u00a0\u00bb header_font=\u00a0\u00bb|700||on|||||\u00a0\u00bb header_text_color=\u00a0\u00bb#19559F\u00a0\u00bb header_font_size=\u00a0\u00bb44px\u00a0\u00bb header_line_height=\u00a0\u00bb44px\u00a0\u00bb header_2_text_color=\u00a0\u00bb#131313&Prime; header_2_font_size=\u00a0\u00bb34px\u00a0\u00bb header_2_line_height=\u00a0\u00bb40px\u00a0\u00bb header_3_text_color=\u00a0\u00bb#FFFFFF\u00a0\u00bb custom_margin=\u00a0\u00bb||42px||false|false\u00a0\u00bb custom_padding=\u00a0\u00bb||0px||false|false\u00a0\u00bb locked=\u00a0\u00bboff\u00a0\u00bb global_colors_info=\u00a0\u00bb{}\u00a0\u00bb]<\/p>\n<h1>notre site d&rsquo;entreprise<\/h1>\n<h2>Comment nous trouver<\/h2>\n<p>[\/et_pb_text][et_pb_code raw_content_tablet=\u00a0\u00bb<iframe src=%22https:\/\/www.google.com\/maps\/embed?pb=!1m14!1m8!1m3!1d10505.397732081847!2d9.795685500000003!3d48.832473099999994!3m2!1i1024!2i768!4f13.1!3m3!1m2!1s0x4799a9d425528ccb%3A0x268f53a80920a9d2!2sPDR-Team%20GmbH!5e0!3m2!1sde!2sde!4v1683788777577!5m2!1sde!2sde%22 width=%22100%%22 height=%22500%22 style=%22border:0;%22 allowfullscreen=%22%22 loading=%22lazy%22 referrerpolicy=%22no-referrer-when-downgrade%22><\/iframe>\u00a0\u00bb raw_content_phone=\u00a0\u00bb<iframe src=%22https:\/\/www.google.com\/maps\/embed?pb=!1m14!1m8!1m3!1d10505.397732081847!2d9.795685500000003!3d48.832473099999994!3m2!1i1024!2i768!4f13.1!3m3!1m2!1s0x4799a9d425528ccb%3A0x268f53a80920a9d2!2sPDR-Team%20GmbH!5e0!3m2!1sde!2sde!4v1683788777577!5m2!1sde!2sde%22 width=%22100%%22 height=%22400%22 style=%22border:0;%22 allowfullscreen=%22%22 loading=%22lazy%22 referrerpolicy=%22no-referrer-when-downgrade%22><\/iframe>\u00a0\u00bb raw_content_last_edited=\u00a0\u00bboff|desktop\u00a0\u00bb _builder_version=\u00a0\u00bb4.17.3&Prime; _module_preset=\u00a0\u00bbdefault\u00a0\u00bb global_colors_info=\u00a0\u00bb{}\u00a0\u00bb]<iframe src=\"https:\/\/www.google.com\/maps\/embed?pb=!1m18!1m12!1m3!1d7746.94500224023!2d8.940756843481573!3d47.19955781620722!2m3!1f0!2f0!3f0!3m2!1i1024!2i768!4f13.1!3m3!1m2!1s0x479ac96ceb8a69c5%3A0xaf8e8feb1f6268c4!2sPDR-Team%20CH!5e1!3m2!1sde!2sde!4v1707231223742!5m2!1sde!2sde\" width=\"100%\" height=\"600\" style=\"border:0;\" allowfullscreen=\"\" loading=\"lazy\" referrerpolicy=\"no-referrer-when-downgrade\"><\/iframe>[\/et_pb_code][\/et_pb_column][\/et_pb_row][\/et_pb_section]<\/p>\n","protected":false},"excerpt":{"rendered":"<p>formulaire de contact Contactez-nous rapidement et facilement\n<div class=\"wpcf7 no-js\" id=\"wpcf7-f8332-o2\" lang=\"fr-FR\" dir=\"ltr\" data-wpcf7-id=\"8332\">\n<div class=\"screen-reader-response\"><p role=\"status\" aria-live=\"polite\" aria-atomic=\"true\"><\/p> <ul><\/ul><\/div>\n<form action=\"\/fr\/wp-json\/wp\/v2\/pages\/8075#wpcf7-f8332-o2\" method=\"post\" class=\"wpcf7-form init\" aria-label=\"Formulaire de contact\" novalidate=\"novalidate\" data-status=\"init\">\n<fieldset class=\"hidden-fields-container\"><input type=\"hidden\" name=\"_wpcf7\" value=\"8332\" \/><input type=\"hidden\" name=\"_wpcf7_version\" value=\"6.1.5\" \/><input type=\"hidden\" name=\"_wpcf7_locale\" value=\"fr_FR\" \/><input type=\"hidden\" name=\"_wpcf7_unit_tag\" value=\"wpcf7-f8332-o2\" \/><input type=\"hidden\" name=\"_wpcf7_container_post\" value=\"0\" \/><input type=\"hidden\" name=\"_wpcf7_posted_data_hash\" value=\"\" \/>\n<\/fieldset>\n<div class=\"person\">\n\t<div class=\"field-group anrede\" style=\"width:30%;\">\n\t\t<p><label>Titre<\/label><span class=\"wpcf7-form-control-wrap\" data-name=\"anrede\"><select class=\"wpcf7-form-control wpcf7-select dropdown\" aria-invalid=\"false\" name=\"anrede\"><option value=\"\">&#8212;Veuillez choisir une option&#8212;<\/option><option value=\"Herr\">Herr<\/option><option value=\"Frau\">Frau<\/option><option value=\"\u2013\">\u2013<\/option><\/select><\/span>\n\t\t<\/p>\n\t<\/div>\n\t<div class=\"field-group\">\n\t\t<p><label>Pr\u00e9nom (obligatoire)<\/label><span class=\"wpcf7-form-control-wrap\" data-name=\"vorname\"><input size=\"40\" maxlength=\"400\" class=\"wpcf7-form-control wpcf7-text wpcf7-validates-as-required\" aria-required=\"true\" aria-invalid=\"false\" value=\"\" type=\"text\" name=\"vorname\" \/><\/span>\n\t\t<\/p>\n\t<\/div>\n\t<div class=\"field-group\">\n\t\t<p><label>Nom de famille (obligatoire)<\/label><span class=\"wpcf7-form-control-wrap\" data-name=\"nachname\"><input size=\"40\" maxlength=\"400\" class=\"wpcf7-form-control wpcf7-text wpcf7-validates-as-required\" aria-required=\"true\" aria-invalid=\"false\" value=\"\" type=\"text\" name=\"nachname\" \/><\/span>\n\t\t<\/p>\n\t<\/div>\n<\/div>\n<div class=\"kontakt\">\n\t<div class=\"field-group\">\n\t\t<p><label>E-mail (obligatoire)<\/label><span class=\"wpcf7-form-control-wrap\" data-name=\"email\"><input size=\"40\" maxlength=\"400\" class=\"wpcf7-form-control wpcf7-email wpcf7-validates-as-required wpcf7-text wpcf7-validates-as-email\" aria-required=\"true\" aria-invalid=\"false\" value=\"\" type=\"email\" name=\"email\" \/><\/span>\n\t\t<\/p>\n\t<\/div>\n\t<div class=\"field-group\">\n\t\t<p><label>T\u00e9l\u00e9phone <\/label><span class=\"wpcf7-form-control-wrap\" data-name=\"telefon\"><input size=\"40\" maxlength=\"400\" class=\"wpcf7-form-control wpcf7-tel wpcf7-text wpcf7-validates-as-tel\" aria-invalid=\"false\" value=\"\" type=\"tel\" name=\"telefon\" \/><\/span>\n\t\t<\/p>\n\t<\/div>\n<\/div>\n<div class=\"betreff\">\n\t<div class=\"field-group\">\n\t\t<p><label>Objet (obligatoire)<\/label><span class=\"wpcf7-form-control-wrap\" data-name=\"betreff\"><select class=\"wpcf7-form-control wpcf7-select wpcf7-validates-as-required dropdown\" aria-required=\"true\" aria-invalid=\"false\" name=\"betreff\"><option value=\"\">&#8212;Veuillez choisir une option&#8212;<\/option><option value=\"Kontaktanfrage\">Kontaktanfrage<\/option><option value=\"R\u00fcckrufbitte\">R\u00fcckrufbitte<\/option><option value=\"Sonstiges\">Sonstiges<\/option><\/select><\/span>\n\t\t<\/p>\n\t<\/div>\n\t<div class=\"nachricht\">\n\t\t<div class=\"field-group\">\n\t\t\t<p><label>Votre message (obligatoire)<\/label><span class=\"wpcf7-form-control-wrap\" data-name=\"nachricht\"><textarea cols=\"40\" rows=\"10\" maxlength=\"2000\" class=\"wpcf7-form-control wpcf7-textarea wpcf7-validates-as-required\" aria-required=\"true\" aria-invalid=\"false\" name=\"nachricht\"><\/textarea><\/span>\n\t\t\t<\/p>\n\t\t<\/div>\n\t<\/div>\n\t<div class=\"dsgvo\">\n\t\t<div class=\"field-group\">\n\t\t\t<p><span class=\"wpcf7-form-control-wrap\" data-name=\"dsgvo\"><span class=\"wpcf7-form-control wpcf7-acceptance\"><span class=\"wpcf7-list-item\"><label><input type=\"checkbox\" name=\"dsgvo\" value=\"1\" aria-invalid=\"false\" \/><span class=\"wpcf7-list-item-label\">Par la pr\u00e9sente, j'accepte la politique de confidentialit\u00e9 <a href=\"https:\/\/www.pdr-team.de\/datenschutz\/\">confidentialit\u00e9 <\/a>de l'\u00e9quipe PDR.<\/span><\/label><\/span><\/span><\/span>\n\t\t\t<\/p>\n\t\t<\/div>\n\t<\/div>\n\t<p><span class=\"wpcf7-form-control-wrap\" data-name=\"hcap-cf7\">\t\t<input\n\t\t\t\ttype=\"hidden\"\n\t\t\t\tclass=\"hcaptcha-widget-id\"\n\t\t\t\tname=\"hcaptcha-widget-id\"\n\t\t\t\tvalue=\"eyJzb3VyY2UiOlsiY29udGFjdC1mb3JtLTdcL3dwLWNvbnRhY3QtZm9ybS03LnBocCJdLCJmb3JtX2lkIjoxMH0=-54b4e220e5b0b2b6f0b471fa1f81d46c\">\n\t\t\t\t<span id=\"hcap_cf7-69f474f3531ef7.90535742\" class=\"wpcf7-form-control h-captcha \"\n\t\t\tdata-sitekey=\"c7dc0ac0-7202-428c-923d-04b47adadbb8\"\n\t\t\tdata-theme=\"light\"\n\t\t\tdata-size=\"normal\"\n\t\t\tdata-auto=\"false\"\n\t\t\tdata-ajax=\"false\"\n\t\t\tdata-force=\"false\">\n\t\t<\/span>\n\t\t<input type=\"hidden\" id=\"_wpnonce\" name=\"_wpnonce\" value=\"ec9e861baa\" \/><input type=\"hidden\" name=\"_wp_http_referer\" value=\"\/fr\/wp-json\/wp\/v2\/pages\/8075\" \/><\/span><input class=\"wpcf7-form-control wpcf7-submit has-spinner\" type=\"submit\" value=\"Anfrage abschicken\" \/>\n\t<\/p>\n<\/div><div class=\"wpcf7-response-output\" aria-hidden=\"true\"><\/div>\n<\/form>\n<\/div>\nnotre site d&rsquo;entreprise Comment nous trouver<\/p>\n","protected":false},"author":2,"featured_media":0,"parent":0,"menu_order":0,"comment_status":"closed","ping_status":"closed","template":"","meta":{"_acf_changed":false,"_et_pb_use_builder":"on","_et_pb_old_content":"","_et_gb_content_width":"","footnotes":""},"class_list":["post-8075","page","type-page","status-publish","hentry"],"acf":[],"yoast_head":"<!-- This site is optimized with the Yoast SEO plugin v27.5 - https:\/\/yoast.com\/product\/yoast-seo-wordpress\/ -->\n<title>Contact - PDR-Team Schweiz<\/title>\n<meta name=\"description\" content=\"Nous sommes sp\u00e9cialis\u00e9s dans la gestion innovante des grandes chutes de gr\u00eale et nous sommes \u00e0 votre disposition \u2013 contactez-nous!\" \/>\n<meta name=\"robots\" content=\"index, follow, max-snippet:-1, max-image-preview:large, max-video-preview:-1\" \/>\n<link rel=\"canonical\" href=\"https:\/\/www.pdr-team.ch\/kontakt\/\" \/>\n<meta property=\"og:locale\" content=\"fr_FR\" \/>\n<meta property=\"og:type\" content=\"article\" \/>\n<meta property=\"og:title\" content=\"Contact - PDR-Team Schweiz\" \/>\n<meta property=\"og:description\" content=\"Nous sommes sp\u00e9cialis\u00e9s dans la gestion innovante des grandes chutes de gr\u00eale et nous sommes \u00e0 votre disposition \u2013 contactez-nous!\" \/>\n<meta property=\"og:site_name\" content=\"PDR-Team Schweiz\" \/>\n<meta property=\"article:publisher\" content=\"https:\/\/www.facebook.com\/PDRTeamGmbH\/\" \/>\n<meta property=\"article:modified_time\" content=\"2024-03-05T14:32:19+00:00\" \/>\n<meta property=\"og:image\" content=\"https:\/\/www.pdr-team.ch\/wp-content\/uploads\/2023\/05\/webdesign-pdr-team.webp\" \/>\n\t<meta property=\"og:image:width\" content=\"1200\" \/>\n\t<meta property=\"og:image:height\" content=\"675\" \/>\n\t<meta property=\"og:image:type\" content=\"image\/webp\" \/>\n<meta name=\"twitter:card\" content=\"summary_large_image\" \/>\n<meta name=\"twitter:label1\" content=\"Dur\u00e9e de lecture estim\u00e9e\" \/>\n\t<meta name=\"twitter:data1\" content=\"1 minute\" \/>\n<script type=\"application\/ld+json\" class=\"yoast-schema-graph\">{\"@context\":\"https:\\\/\\\/schema.org\",\"@graph\":[{\"@type\":\"WebPage\",\"@id\":\"https:\\\/\\\/www.pdr-team.ch\\\/kontakt\\\/\",\"url\":\"https:\\\/\\\/www.pdr-team.ch\\\/kontakt\\\/\",\"name\":\"Contact - PDR-Team Schweiz\",\"isPartOf\":{\"@id\":\"https:\\\/\\\/pdr-team.ch\\\/#website\"},\"datePublished\":\"2023-04-19T07:23:08+00:00\",\"dateModified\":\"2024-03-05T14:32:19+00:00\",\"description\":\"Nous sommes sp\u00e9cialis\u00e9s dans la gestion innovante des grandes chutes de gr\u00eale et nous sommes \u00e0 votre disposition \u2013 contactez-nous!\",\"breadcrumb\":{\"@id\":\"https:\\\/\\\/www.pdr-team.ch\\\/kontakt\\\/#breadcrumb\"},\"inLanguage\":\"fr-FR\",\"potentialAction\":[{\"@type\":\"ReadAction\",\"target\":[\"https:\\\/\\\/www.pdr-team.ch\\\/kontakt\\\/\"]}]},{\"@type\":\"BreadcrumbList\",\"@id\":\"https:\\\/\\\/www.pdr-team.ch\\\/kontakt\\\/#breadcrumb\",\"itemListElement\":[{\"@type\":\"ListItem\",\"position\":1,\"name\":\"Startseite\",\"item\":\"https:\\\/\\\/www.pdr-team.ch\\\/fr\\\/\"},{\"@type\":\"ListItem\",\"position\":2,\"name\":\"Contact\"}]},{\"@type\":\"WebSite\",\"@id\":\"https:\\\/\\\/pdr-team.ch\\\/#website\",\"url\":\"https:\\\/\\\/pdr-team.ch\\\/\",\"name\":\"PDR-Team GmbH\",\"description\":\"\",\"publisher\":{\"@id\":\"https:\\\/\\\/pdr-team.ch\\\/#organization\"},\"alternateName\":\"Hagelschadenservice\",\"potentialAction\":[{\"@type\":\"SearchAction\",\"target\":{\"@type\":\"EntryPoint\",\"urlTemplate\":\"https:\\\/\\\/pdr-team.ch\\\/?s={search_term_string}\"},\"query-input\":{\"@type\":\"PropertyValueSpecification\",\"valueRequired\":true,\"valueName\":\"search_term_string\"}}],\"inLanguage\":\"fr-FR\"},{\"@type\":\"Organization\",\"@id\":\"https:\\\/\\\/pdr-team.ch\\\/#organization\",\"name\":\"PDR-Team GmbH\",\"alternateName\":\"PDR-Team GmbH, Tuggen\",\"url\":\"https:\\\/\\\/pdr-team.ch\\\/\",\"logo\":{\"@type\":\"ImageObject\",\"inLanguage\":\"fr-FR\",\"@id\":\"https:\\\/\\\/pdr-team.ch\\\/#\\\/schema\\\/logo\\\/image\\\/\",\"url\":\"https:\\\/\\\/pdr-team.ch\\\/wp-content\\\/uploads\\\/2023\\\/04\\\/PDRTeamLogoSmall.png\",\"contentUrl\":\"https:\\\/\\\/pdr-team.ch\\\/wp-content\\\/uploads\\\/2023\\\/04\\\/PDRTeamLogoSmall.png\",\"width\":311,\"height\":86,\"caption\":\"PDR-Team GmbH\"},\"image\":{\"@id\":\"https:\\\/\\\/pdr-team.ch\\\/#\\\/schema\\\/logo\\\/image\\\/\"},\"sameAs\":[\"https:\\\/\\\/www.facebook.com\\\/PDRTeamGmbH\\\/\",\"https:\\\/\\\/www.instagram.com\\\/pdr_team_de\\\/\"]}]}<\/script>\n<!-- \/ Yoast SEO plugin. -->","yoast_head_json":{"title":"Contact - PDR-Team Schweiz","description":"Nous sommes sp\u00e9cialis\u00e9s dans la gestion innovante des grandes chutes de gr\u00eale et nous sommes \u00e0 votre disposition \u2013 contactez-nous!","robots":{"index":"index","follow":"follow","max-snippet":"max-snippet:-1","max-image-preview":"max-image-preview:large","max-video-preview":"max-video-preview:-1"},"canonical":"https:\/\/www.pdr-team.ch\/kontakt\/","og_locale":"fr_FR","og_type":"article","og_title":"Contact - PDR-Team Schweiz","og_description":"Nous sommes sp\u00e9cialis\u00e9s dans la gestion innovante des grandes chutes de gr\u00eale et nous sommes \u00e0 votre disposition \u2013 contactez-nous!","og_site_name":"PDR-Team Schweiz","article_publisher":"https:\/\/www.facebook.com\/PDRTeamGmbH\/","article_modified_time":"2024-03-05T14:32:19+00:00","og_image":[{"width":1200,"height":675,"url":"https:\/\/www.pdr-team.ch\/wp-content\/uploads\/2023\/05\/webdesign-pdr-team.webp","type":"image\/webp"}],"twitter_card":"summary_large_image","twitter_misc":{"Dur\u00e9e de lecture estim\u00e9e":"1 minute"},"schema":{"@context":"https:\/\/schema.org","@graph":[{"@type":"WebPage","@id":"https:\/\/www.pdr-team.ch\/kontakt\/","url":"https:\/\/www.pdr-team.ch\/kontakt\/","name":"Contact - PDR-Team Schweiz","isPartOf":{"@id":"https:\/\/pdr-team.ch\/#website"},"datePublished":"2023-04-19T07:23:08+00:00","dateModified":"2024-03-05T14:32:19+00:00","description":"Nous sommes sp\u00e9cialis\u00e9s dans la gestion innovante des grandes chutes de gr\u00eale et nous sommes \u00e0 votre disposition \u2013 contactez-nous!","breadcrumb":{"@id":"https:\/\/www.pdr-team.ch\/kontakt\/#breadcrumb"},"inLanguage":"fr-FR","potentialAction":[{"@type":"ReadAction","target":["https:\/\/www.pdr-team.ch\/kontakt\/"]}]},{"@type":"BreadcrumbList","@id":"https:\/\/www.pdr-team.ch\/kontakt\/#breadcrumb","itemListElement":[{"@type":"ListItem","position":1,"name":"Startseite","item":"https:\/\/www.pdr-team.ch\/fr\/"},{"@type":"ListItem","position":2,"name":"Contact"}]},{"@type":"WebSite","@id":"https:\/\/pdr-team.ch\/#website","url":"https:\/\/pdr-team.ch\/","name":"PDR-Team GmbH","description":"","publisher":{"@id":"https:\/\/pdr-team.ch\/#organization"},"alternateName":"Hagelschadenservice","potentialAction":[{"@type":"SearchAction","target":{"@type":"EntryPoint","urlTemplate":"https:\/\/pdr-team.ch\/?s={search_term_string}"},"query-input":{"@type":"PropertyValueSpecification","valueRequired":true,"valueName":"search_term_string"}}],"inLanguage":"fr-FR"},{"@type":"Organization","@id":"https:\/\/pdr-team.ch\/#organization","name":"PDR-Team GmbH","alternateName":"PDR-Team GmbH, Tuggen","url":"https:\/\/pdr-team.ch\/","logo":{"@type":"ImageObject","inLanguage":"fr-FR","@id":"https:\/\/pdr-team.ch\/#\/schema\/logo\/image\/","url":"https:\/\/pdr-team.ch\/wp-content\/uploads\/2023\/04\/PDRTeamLogoSmall.png","contentUrl":"https:\/\/pdr-team.ch\/wp-content\/uploads\/2023\/04\/PDRTeamLogoSmall.png","width":311,"height":86,"caption":"PDR-Team GmbH"},"image":{"@id":"https:\/\/pdr-team.ch\/#\/schema\/logo\/image\/"},"sameAs":["https:\/\/www.facebook.com\/PDRTeamGmbH\/","https:\/\/www.instagram.com\/pdr_team_de\/"]}]}},"_links":{"self":[{"href":"https:\/\/www.pdr-team.ch\/fr\/wp-json\/wp\/v2\/pages\/8075","targetHints":{"allow":["GET"]}}],"collection":[{"href":"https:\/\/www.pdr-team.ch\/fr\/wp-json\/wp\/v2\/pages"}],"about":[{"href":"https:\/\/www.pdr-team.ch\/fr\/wp-json\/wp\/v2\/types\/page"}],"author":[{"embeddable":true,"href":"https:\/\/www.pdr-team.ch\/fr\/wp-json\/wp\/v2\/users\/2"}],"replies":[{"embeddable":true,"href":"https:\/\/www.pdr-team.ch\/fr\/wp-json\/wp\/v2\/comments?post=8075"}],"version-history":[{"count":0,"href":"https:\/\/www.pdr-team.ch\/fr\/wp-json\/wp\/v2\/pages\/8075\/revisions"}],"wp:attachment":[{"href":"https:\/\/www.pdr-team.ch\/fr\/wp-json\/wp\/v2\/media?parent=8075"}],"curies":[{"name":"wp","href":"https:\/\/api.w.org\/{rel}","templated":true}]}}